{"id":200,"date":"2020-01-27T13:51:08","date_gmt":"2020-01-27T12:51:08","guid":{"rendered":"https:\/\/www.soweb.io\/?page_id=200"},"modified":"2025-09-24T08:31:26","modified_gmt":"2025-09-24T07:31:26","slug":"mentions-legales","status":"publish","type":"page","link":"https:\/\/www.soweb.io\/en\/mentions-legales\/","title":{"rendered":"Legal Notice"},"content":{"rendered":"<div data-elementor-type=\"wp-page\" data-elementor-id=\"200\" class=\"elementor elementor-200\" data-elementor-post-type=\"page\">\n\t\t\t\t<div class=\"elementor-element elementor-element-ed38357 e-flex e-con-boxed e-con e-parent\" data-id=\"ed38357\" data-element_type=\"container\" data-e-type=\"container\">\n\t\t\t\t\t<div class=\"e-con-inner\">\n\t\t<div class=\"elementor-element elementor-element-ab981d1 e-con-full e-flex e-con e-child\" data-id=\"ab981d1\" data-element_type=\"container\" data-e-type=\"container\">\n\t\t\t\t<div class=\"elementor-element elementor-element-963de9a elementor-widget elementor-widget-heading\" data-id=\"963de9a\" data-element_type=\"widget\" data-e-type=\"widget\" data-widget_type=\"heading.default\">\n\t\t\t\t<div class=\"elementor-widget-container\">\n\t\t\t\t\t<h1 class=\"elementor-heading-title elementor-size-default\">Legal Notice<\/h1>\t\t\t\t<\/div>\n\t\t\t\t<\/div>\n\t\t\t\t<\/div>\n\t\t\t\t\t<\/div>\n\t\t\t\t<\/div>\n\t\t<div class=\"elementor-element elementor-element-1ef5c64 e-flex e-con-boxed e-con e-parent\" data-id=\"1ef5c64\" data-element_type=\"container\" data-e-type=\"container\">\n\t\t\t\t\t<div class=\"e-con-inner\">\n\t\t<div class=\"elementor-element elementor-element-f5f57cf e-con-full e-flex e-con e-child\" data-id=\"f5f57cf\" data-element_type=\"container\" data-e-type=\"container\">\n\t\t\t\t<div class=\"elementor-element elementor-element-26271b9 elementor-widget elementor-widget-heading\" data-id=\"26271b9\" data-element_type=\"widget\" data-e-type=\"widget\" data-widget_type=\"heading.default\">\n\t\t\t\t<div class=\"elementor-widget-container\">\n\t\t\t\t\t<h2 class=\"elementor-heading-title elementor-size-default\">\u00c9diteur et Directeur de la publication<\/h2>\t\t\t\t<\/div>\n\t\t\t\t<\/div>\n\t\t\t\t<div class=\"elementor-element elementor-element-cfb84e3 elementor-widget elementor-widget-text-editor\" data-id=\"cfb84e3\" data-element_type=\"widget\" data-e-type=\"widget\" data-widget_type=\"text-editor.default\">\n\t\t\t\t<div class=\"elementor-widget-container\">\n\t\t\t\t\t\t\t\t\t<p>Sowebio SARL<br \/>15, rue du Temple<br \/>17310 Saint-Pierre d&rsquo;Ol\u00e9ron<br \/>France<\/p><p>RCS La Rochelle : 844 060 046<\/p>\t\t\t\t\t\t\t\t<\/div>\n\t\t\t\t<\/div>\n\t\t\t\t<div class=\"elementor-element elementor-element-68226b0 elementor-widget elementor-widget-heading\" data-id=\"68226b0\" data-element_type=\"widget\" data-e-type=\"widget\" data-widget_type=\"heading.default\">\n\t\t\t\t<div class=\"elementor-widget-container\">\n\t\t\t\t\t<h3 class=\"elementor-heading-title elementor-size-default\">Conception &amp; H\u00e9bergement<\/h3>\t\t\t\t<\/div>\n\t\t\t\t<\/div>\n\t\t\t\t<div class=\"elementor-element elementor-element-80a44a4 elementor-widget elementor-widget-image\" data-id=\"80a44a4\" data-element_type=\"widget\" data-e-type=\"widget\" data-widget_type=\"image.default\">\n\t\t\t\t<div class=\"elementor-widget-container\">\n\t\t\t\t\t\t\t\t\t\t\t\t\t\t\t<img fetchpriority=\"high\" decoding=\"async\" width=\"300\" height=\"188\" src=\"https:\/\/www.soweb.io\/wp-content\/uploads\/sow-le_cartouche_sowebio-400x250web.jpg\" class=\"attachment-medium size-medium wp-image-217\" alt=\"\" \/>\t\t\t\t\t\t\t\t\t\t\t\t\t\t\t<\/div>\n\t\t\t\t<\/div>\n\t\t\t\t<div class=\"elementor-element elementor-element-6471611 elementor-widget elementor-widget-text-editor\" data-id=\"6471611\" data-element_type=\"widget\" data-e-type=\"widget\" data-widget_type=\"text-editor.default\">\n\t\t\t\t<div class=\"elementor-widget-container\">\n\t\t\t\t\t\t\t\t\tL&rsquo;h\u00e9bergeur assure l&rsquo;<strong>infog\u00e9rance<\/strong> des <strong>h\u00e9bergements<\/strong> web et des <strong>services associ\u00e9s<\/strong> (serveurs emails, cloud drives, analyses statistiques, sauvegardes, supervision, etc.) avec ses <strong>propres serveurs physiques<\/strong>, en s&rsquo;appuyant sur une <strong>expertise multi-domaines<\/strong>.\t\t\t\t\t\t\t\t<\/div>\n\t\t\t\t<\/div>\n\t\t\t\t<div class=\"elementor-element elementor-element-a984f49 elementor-widget elementor-widget-heading\" data-id=\"a984f49\" data-element_type=\"widget\" data-e-type=\"widget\" data-widget_type=\"heading.default\">\n\t\t\t\t<div class=\"elementor-widget-container\">\n\t\t\t\t\t<h3 class=\"elementor-heading-title elementor-size-default\">Infrastructure<\/h3>\t\t\t\t<\/div>\n\t\t\t\t<\/div>\n\t\t\t\t<div class=\"elementor-element elementor-element-93b4a0b elementor-widget elementor-widget-text-editor\" data-id=\"93b4a0b\" data-element_type=\"widget\" data-e-type=\"widget\" data-widget_type=\"text-editor.default\">\n\t\t\t\t<div class=\"elementor-widget-container\">\n\t\t\t\t\t\t\t\t\t<p>Sowebio poss\u00e8de son propre r\u00e9seau priv\u00e9 europ\u00e9en \u00e0 2 Gbps, qui s&rsquo;appuie sur le r\u00e9seau \u00e0 fibre optique d&rsquo;OVHcloud.<\/p><p>Conform\u00e9ment au <strong>RGPD<\/strong>, l&rsquo;infrastructure est exclusivement localis\u00e9e en <strong>France<\/strong> (Gravelines, Paris, Roubaix, Strasbourg) et en <strong>Europe<\/strong> (Francfort), dans les datacentres d&rsquo;<a href=\"https:\/\/www.ovh.com\" target=\"_blank\" rel=\"noopener\">OVHcloud<\/a>, premier h\u00e9bergeur europ\u00e9en.<\/p><p>L&rsquo;infrastructure b\u00e9n\u00e9ficie du <a href=\"https:\/\/www.ovh.com\/fr\/apropos\/reseau.xml\" target=\"_blank\" rel=\"noopener\">r\u00e9seau mondial en fibre optique<\/a> d&rsquo;<a href=\"https:\/\/www.ovh.com\" target=\"_blank\" rel=\"noopener\">OVHcloud<\/a> et de plusieurs dizaines de points de pr\u00e9sence et de datacentres sur les principaux continents mais \u00e9galement de la technologie de protection contre les attaques par <a href=\"https:\/\/www.ovh.com\/fr\/anti-ddos\/principe-anti-ddos.xml\" target=\"_blank\" rel=\"noopener\">d\u00e9ni de service distribu\u00e9<\/a> la plus performante du march\u00e9.<\/p>\t\t\t\t\t\t\t\t<\/div>\n\t\t\t\t<\/div>\n\t\t\t\t<div class=\"elementor-element elementor-element-c96c25e elementor-widget elementor-widget-heading\" data-id=\"c96c25e\" data-element_type=\"widget\" data-e-type=\"widget\" data-widget_type=\"heading.default\">\n\t\t\t\t<div class=\"elementor-widget-container\">\n\t\t\t\t\t<h3 class=\"elementor-heading-title elementor-size-default\">Propri\u00e9t\u00e9 intellectuelle<\/h3>\t\t\t\t<\/div>\n\t\t\t\t<\/div>\n\t\t\t\t<div class=\"elementor-element elementor-element-0984d2a elementor-widget elementor-widget-text-editor\" data-id=\"0984d2a\" data-element_type=\"widget\" data-e-type=\"widget\" data-widget_type=\"text-editor.default\">\n\t\t\t\t<div class=\"elementor-widget-container\">\n\t\t\t\t\t\t\t\t\t<p>Le Site et les \u00e9l\u00e9ments qui le composent peuvent contenir des informations confidentielles ou des informations prot\u00e9g\u00e9es par la l\u00e9gislation sur la propri\u00e9t\u00e9 intellectuelle ou toute autre loi applicable.<\/p><p>Les droits de propri\u00e9t\u00e9 intellectuelle sur le contenu original du site sont la propri\u00e9t\u00e9 exclusive de l&rsquo;\u00e9diteur. Il est strictement interdit \u00e0 l\u2019utilisateur du site de copier, modifier, cr\u00e9er une \u0153uvre d\u00e9riv\u00e9e, assembler, d\u00e9compiler, c\u00e9der, sous-licencier ou transf\u00e9rer, de quelque mani\u00e8re que ce soit, tout \u00e9l\u00e9ment du site.<\/p>\t\t\t\t\t\t\t\t<\/div>\n\t\t\t\t<\/div>\n\t\t\t\t<div class=\"elementor-element elementor-element-9ba896b elementor-widget elementor-widget-heading\" data-id=\"9ba896b\" data-element_type=\"widget\" data-e-type=\"widget\" data-widget_type=\"heading.default\">\n\t\t\t\t<div class=\"elementor-widget-container\">\n\t\t\t\t\t<h3 class=\"elementor-heading-title elementor-size-default\">Cr\u00e9dits &amp; Copyrights<\/h3>\t\t\t\t<\/div>\n\t\t\t\t<\/div>\n\t\t\t\t<div class=\"elementor-element elementor-element-e2b5ece elementor-widget elementor-widget-text-editor\" data-id=\"e2b5ece\" data-element_type=\"widget\" data-e-type=\"widget\" data-widget_type=\"text-editor.default\">\n\t\t\t\t<div class=\"elementor-widget-container\">\n\t\t\t\t\t\t\t\t\t<p>Photos : Sonia Guiff\u00e8s, St\u00e9phane Rivi\u00e8re, Pixabay, Fotolia.<\/p>\t\t\t\t\t\t\t\t<\/div>\n\t\t\t\t<\/div>\n\t\t\t\t<\/div>\n\t\t\t\t\t<\/div>\n\t\t\t\t<\/div>\n\t\t\t\t<\/div>","protected":false},"excerpt":{"rendered":"<p>\u00c9diteur et Directeur de la publication Sowebio SARL15, rue du Temple17310 Saint-Pierre d&rsquo;Ol\u00e9ronFrance RCS La Rochelle : 844 060 046 Conception &amp; H\u00e9bergement L&rsquo;h\u00e9bergeur assure l&rsquo;infog\u00e9rance des h\u00e9bergements web et des services associ\u00e9s (serveurs emails, cloud drives, analyses statistiques, sauvegardes, supervision, etc.) avec ses propres serveurs physiques, en s&rsquo;appuyant sur une expertise multi-domaines. Infrastructure Sowebio [&hellip;]<\/p>","protected":false},"author":2,"featured_media":0,"parent":0,"menu_order":0,"comment_status":"closed","ping_status":"closed","template":"","meta":{"footnotes":""},"class_list":["post-200","page","type-page","status-publish","hentry"],"yoast_head":"<!-- This site is optimized with the Yoast SEO plugin v25.0 - https:\/\/yoast.com\/wordpress\/plugins\/seo\/ -->\n<title>Mentions l\u00e9gales - Sowebio Strat\u00e9gie Digitale<\/title>\n<meta name=\"robots\" content=\"index, follow, max-snippet:-1, max-image-preview:large, max-video-preview:-1\" \/>\n<link rel=\"canonical\" href=\"https:\/\/www.soweb.io\/en\/mentions-legales\/\" \/>\n<meta property=\"og:locale\" content=\"en_GB\" \/>\n<meta property=\"og:type\" content=\"article\" \/>\n<meta property=\"og:title\" content=\"Mentions l\u00e9gales - Sowebio Strat\u00e9gie Digitale\" \/>\n<meta property=\"og:description\" content=\"\u00c9diteur et Directeur de la publication Sowebio SARL15, rue du Temple17310 Saint-Pierre d&rsquo;Ol\u00e9ronFrance RCS La Rochelle : 844 060 046 Conception &amp; H\u00e9bergement L&rsquo;h\u00e9bergeur assure l&rsquo;infog\u00e9rance des h\u00e9bergements web et des services associ\u00e9s (serveurs emails, cloud drives, analyses statistiques, sauvegardes, supervision, etc.) avec ses propres serveurs physiques, en s&rsquo;appuyant sur une expertise multi-domaines. Infrastructure Sowebio [&hellip;]\" \/>\n<meta property=\"og:url\" content=\"https:\/\/www.soweb.io\/en\/mentions-legales\/\" \/>\n<meta property=\"og:site_name\" content=\"Sowebio Strat\u00e9gie Digitale\" \/>\n<meta property=\"article:modified_time\" content=\"2025-09-24T07:31:26+00:00\" \/>\n<meta property=\"og:image\" content=\"https:\/\/www.soweb.io\/wp-content\/uploads\/sow-le_cartouche_sowebio-400x250web.jpg\" \/>\n\t<meta property=\"og:image:width\" content=\"400\" \/>\n\t<meta property=\"og:image:height\" content=\"250\" \/>\n\t<meta property=\"og:image:type\" content=\"image\/jpeg\" \/>\n<meta name=\"twitter:card\" content=\"summary_large_image\" \/>\n<meta name=\"twitter:label1\" content=\"Estimated reading time\" \/>\n\t<meta name=\"twitter:data1\" content=\"2 minutes\" \/>\n<script type=\"application\/ld+json\" class=\"yoast-schema-graph\">{\"@context\":\"https:\/\/schema.org\",\"@graph\":[{\"@type\":\"WebPage\",\"@id\":\"https:\/\/www.soweb.io\/mentions-legales\/\",\"url\":\"https:\/\/www.soweb.io\/mentions-legales\/\",\"name\":\"Mentions l\u00e9gales - Sowebio Strat\u00e9gie Digitale\",\"isPartOf\":{\"@id\":\"https:\/\/www.soweb.io\/#website\"},\"primaryImageOfPage\":{\"@id\":\"https:\/\/www.soweb.io\/mentions-legales\/#primaryimage\"},\"image\":{\"@id\":\"https:\/\/www.soweb.io\/mentions-legales\/#primaryimage\"},\"thumbnailUrl\":\"https:\/\/www.soweb.io\/wp-content\/uploads\/sow-le_cartouche_sowebio-400x250web.jpg\",\"datePublished\":\"2020-01-27T12:51:08+00:00\",\"dateModified\":\"2025-09-24T07:31:26+00:00\",\"breadcrumb\":{\"@id\":\"https:\/\/www.soweb.io\/mentions-legales\/#breadcrumb\"},\"inLanguage\":\"en-GB\",\"potentialAction\":[{\"@type\":\"ReadAction\",\"target\":[\"https:\/\/www.soweb.io\/mentions-legales\/\"]}]},{\"@type\":\"ImageObject\",\"inLanguage\":\"en-GB\",\"@id\":\"https:\/\/www.soweb.io\/mentions-legales\/#primaryimage\",\"url\":\"https:\/\/www.soweb.io\/wp-content\/uploads\/sow-le_cartouche_sowebio-400x250web.jpg\",\"contentUrl\":\"https:\/\/www.soweb.io\/wp-content\/uploads\/sow-le_cartouche_sowebio-400x250web.jpg\"},{\"@type\":\"BreadcrumbList\",\"@id\":\"https:\/\/www.soweb.io\/mentions-legales\/#breadcrumb\",\"itemListElement\":[{\"@type\":\"ListItem\",\"position\":1,\"name\":\"Home\",\"item\":\"https:\/\/www.soweb.io\/\"},{\"@type\":\"ListItem\",\"position\":2,\"name\":\"Mentions l\u00e9gales\"}]},{\"@type\":\"WebSite\",\"@id\":\"https:\/\/www.soweb.io\/#website\",\"url\":\"https:\/\/www.soweb.io\/\",\"name\":\"Sowebio Strat\u00e9gie Digitale\",\"description\":\"\",\"publisher\":{\"@id\":\"https:\/\/www.soweb.io\/#organization\"},\"potentialAction\":[{\"@type\":\"SearchAction\",\"target\":{\"@type\":\"EntryPoint\",\"urlTemplate\":\"https:\/\/www.soweb.io\/?s={search_term_string}\"},\"query-input\":{\"@type\":\"PropertyValueSpecification\",\"valueRequired\":true,\"valueName\":\"search_term_string\"}}],\"inLanguage\":\"en-GB\"},{\"@type\":\"Organization\",\"@id\":\"https:\/\/www.soweb.io\/#organization\",\"name\":\"Sowebio\",\"url\":\"https:\/\/www.soweb.io\/\",\"logo\":{\"@type\":\"ImageObject\",\"inLanguage\":\"en-GB\",\"@id\":\"https:\/\/www.soweb.io\/#\/schema\/logo\/image\/\",\"url\":\"https:\/\/www.soweb.io\/wp-content\/uploads\/sow-sow-logo_sowebio_transparent-240x49web.png\",\"contentUrl\":\"https:\/\/www.soweb.io\/wp-content\/uploads\/sow-sow-logo_sowebio_transparent-240x49web.png\",\"width\":240,\"height\":49,\"caption\":\"Sowebio\"},\"image\":{\"@id\":\"https:\/\/www.soweb.io\/#\/schema\/logo\/image\/\"}}]}<\/script>\n<!-- \/ Yoast SEO plugin. -->","yoast_head_json":{"title":"Mentions l\u00e9gales - Sowebio Strat\u00e9gie Digitale","robots":{"index":"index","follow":"follow","max-snippet":"max-snippet:-1","max-image-preview":"max-image-preview:large","max-video-preview":"max-video-preview:-1"},"canonical":"https:\/\/www.soweb.io\/en\/mentions-legales\/","og_locale":"en_GB","og_type":"article","og_title":"Mentions l\u00e9gales - Sowebio Strat\u00e9gie Digitale","og_description":"\u00c9diteur et Directeur de la publication Sowebio SARL15, rue du Temple17310 Saint-Pierre d&rsquo;Ol\u00e9ronFrance RCS La Rochelle : 844 060 046 Conception &amp; H\u00e9bergement L&rsquo;h\u00e9bergeur assure l&rsquo;infog\u00e9rance des h\u00e9bergements web et des services associ\u00e9s (serveurs emails, cloud drives, analyses statistiques, sauvegardes, supervision, etc.) avec ses propres serveurs physiques, en s&rsquo;appuyant sur une expertise multi-domaines. Infrastructure Sowebio [&hellip;]","og_url":"https:\/\/www.soweb.io\/en\/mentions-legales\/","og_site_name":"Sowebio Strat\u00e9gie Digitale","article_modified_time":"2025-09-24T07:31:26+00:00","og_image":[{"width":400,"height":250,"url":"https:\/\/www.soweb.io\/wp-content\/uploads\/sow-le_cartouche_sowebio-400x250web.jpg","type":"image\/jpeg"}],"twitter_card":"summary_large_image","twitter_misc":{"Estimated reading time":"2 minutes"},"schema":{"@context":"https:\/\/schema.org","@graph":[{"@type":"WebPage","@id":"https:\/\/www.soweb.io\/mentions-legales\/","url":"https:\/\/www.soweb.io\/mentions-legales\/","name":"Mentions l\u00e9gales - Sowebio Strat\u00e9gie Digitale","isPartOf":{"@id":"https:\/\/www.soweb.io\/#website"},"primaryImageOfPage":{"@id":"https:\/\/www.soweb.io\/mentions-legales\/#primaryimage"},"image":{"@id":"https:\/\/www.soweb.io\/mentions-legales\/#primaryimage"},"thumbnailUrl":"https:\/\/www.soweb.io\/wp-content\/uploads\/sow-le_cartouche_sowebio-400x250web.jpg","datePublished":"2020-01-27T12:51:08+00:00","dateModified":"2025-09-24T07:31:26+00:00","breadcrumb":{"@id":"https:\/\/www.soweb.io\/mentions-legales\/#breadcrumb"},"inLanguage":"en-GB","potentialAction":[{"@type":"ReadAction","target":["https:\/\/www.soweb.io\/mentions-legales\/"]}]},{"@type":"ImageObject","inLanguage":"en-GB","@id":"https:\/\/www.soweb.io\/mentions-legales\/#primaryimage","url":"https:\/\/www.soweb.io\/wp-content\/uploads\/sow-le_cartouche_sowebio-400x250web.jpg","contentUrl":"https:\/\/www.soweb.io\/wp-content\/uploads\/sow-le_cartouche_sowebio-400x250web.jpg"},{"@type":"BreadcrumbList","@id":"https:\/\/www.soweb.io\/mentions-legales\/#breadcrumb","itemListElement":[{"@type":"ListItem","position":1,"name":"Home","item":"https:\/\/www.soweb.io\/"},{"@type":"ListItem","position":2,"name":"Mentions l\u00e9gales"}]},{"@type":"WebSite","@id":"https:\/\/www.soweb.io\/#website","url":"https:\/\/www.soweb.io\/","name":"Sowebio Strat\u00e9gie Digitale","description":"","publisher":{"@id":"https:\/\/www.soweb.io\/#organization"},"potentialAction":[{"@type":"SearchAction","target":{"@type":"EntryPoint","urlTemplate":"https:\/\/www.soweb.io\/?s={search_term_string}"},"query-input":{"@type":"PropertyValueSpecification","valueRequired":true,"valueName":"search_term_string"}}],"inLanguage":"en-GB"},{"@type":"Organization","@id":"https:\/\/www.soweb.io\/#organization","name":"Sowebio","url":"https:\/\/www.soweb.io\/","logo":{"@type":"ImageObject","inLanguage":"en-GB","@id":"https:\/\/www.soweb.io\/#\/schema\/logo\/image\/","url":"https:\/\/www.soweb.io\/wp-content\/uploads\/sow-sow-logo_sowebio_transparent-240x49web.png","contentUrl":"https:\/\/www.soweb.io\/wp-content\/uploads\/sow-sow-logo_sowebio_transparent-240x49web.png","width":240,"height":49,"caption":"Sowebio"},"image":{"@id":"https:\/\/www.soweb.io\/#\/schema\/logo\/image\/"}}]}},"_links":{"self":[{"href":"https:\/\/www.soweb.io\/en\/wp-json\/wp\/v2\/pages\/200","targetHints":{"allow":["GET"]}}],"collection":[{"href":"https:\/\/www.soweb.io\/en\/wp-json\/wp\/v2\/pages"}],"about":[{"href":"https:\/\/www.soweb.io\/en\/wp-json\/wp\/v2\/types\/page"}],"author":[{"embeddable":true,"href":"https:\/\/www.soweb.io\/en\/wp-json\/wp\/v2\/users\/2"}],"replies":[{"embeddable":true,"href":"https:\/\/www.soweb.io\/en\/wp-json\/wp\/v2\/comments?post=200"}],"version-history":[{"count":5,"href":"https:\/\/www.soweb.io\/en\/wp-json\/wp\/v2\/pages\/200\/revisions"}],"predecessor-version":[{"id":9562,"href":"https:\/\/www.soweb.io\/en\/wp-json\/wp\/v2\/pages\/200\/revisions\/9562"}],"wp:attachment":[{"href":"https:\/\/www.soweb.io\/en\/wp-json\/wp\/v2\/media?parent=200"}],"curies":[{"name":"wp","href":"https:\/\/api.w.org\/{rel}","templated":true}]}}