{"id":37,"date":"2020-01-24T17:12:22","date_gmt":"2020-01-24T16:12:22","guid":{"rendered":"https:\/\/www.soweb.io\/?page_id=37"},"modified":"2026-02-11T16:51:49","modified_gmt":"2026-02-11T15:51:49","slug":"recrutement","status":"publish","type":"page","link":"https:\/\/www.soweb.io\/en\/recrutement\/","title":{"rendered":"Recruitment"},"content":{"rendered":"<div data-elementor-type=\"wp-page\" data-elementor-id=\"37\" class=\"elementor elementor-37\" data-elementor-post-type=\"page\">\n\t\t\t\t<div class=\"elementor-element elementor-element-2a70435 e-flex e-con-boxed e-con e-parent\" data-id=\"2a70435\" data-element_type=\"container\" data-e-type=\"container\" data-settings=\"{&quot;background_background&quot;:&quot;classic&quot;}\">\n\t\t\t\t\t<div class=\"e-con-inner\">\n\t\t<div class=\"elementor-element elementor-element-30078b0 e-con-full e-flex e-con e-child\" data-id=\"30078b0\" data-element_type=\"container\" data-e-type=\"container\">\n\t\t\t\t<div class=\"elementor-element elementor-element-a89d84e elementor-widget elementor-widget-heading\" data-id=\"a89d84e\" data-element_type=\"widget\" data-e-type=\"widget\" data-widget_type=\"heading.default\">\n\t\t\t\t<div class=\"elementor-widget-container\">\n\t\t\t\t\t<h1 class=\"elementor-heading-title elementor-size-default\">Recruitment<\/h1>\t\t\t\t<\/div>\n\t\t\t\t<\/div>\n\t\t\t\t<\/div>\n\t\t\t\t\t<\/div>\n\t\t\t\t<\/div>\n\t\t<div class=\"elementor-element elementor-element-e7e52f4 e-flex e-con-boxed e-con e-parent\" data-id=\"e7e52f4\" data-element_type=\"container\" data-e-type=\"container\" data-settings=\"{&quot;background_background&quot;:&quot;classic&quot;}\">\n\t\t\t\t\t<div class=\"e-con-inner\">\n\t\t<div class=\"elementor-element elementor-element-eaa20b4 e-con-full e-flex e-con e-child\" data-id=\"eaa20b4\" data-element_type=\"container\" data-e-type=\"container\">\n\t\t\t\t<div class=\"elementor-element elementor-element-df703ba elementor-widget elementor-widget-heading\" data-id=\"df703ba\" data-element_type=\"widget\" data-e-type=\"widget\" data-widget_type=\"heading.default\">\n\t\t\t\t<div class=\"elementor-widget-container\">\n\t\t\t\t\t<h2 class=\"elementor-heading-title elementor-size-default\">Sowebio recrute diff\u00e9rents profils <\/h2>\t\t\t\t<\/div>\n\t\t\t\t<\/div>\n\t\t\t\t<div class=\"elementor-element elementor-element-9a04ff5 elementor-widget elementor-widget-text-editor\" data-id=\"9a04ff5\" data-element_type=\"widget\" data-e-type=\"widget\" data-widget_type=\"text-editor.default\">\n\t\t\t\t<div class=\"elementor-widget-container\">\n\t\t\t\t\t\t\t\t\t<p>Nous recherchons (F\/H), un Stagiaire en marketing et communication, D\u00e9veloppeurs back et front&#8230;<\/p><p>Nos valeurs : <span style=\"color: #ffae5e;\">Efficacit\u00e9, Responsabilit\u00e9 et Bonne Humeur !<\/span><\/p>\t\t\t\t\t\t\t\t<\/div>\n\t\t\t\t<\/div>\n\t\t\t\t<\/div>\n\t\t\t\t\t<\/div>\n\t\t\t\t<\/div>\n\t\t<div class=\"elementor-element elementor-element-4dc02c1 e-flex e-con-boxed e-con e-parent\" data-id=\"4dc02c1\" data-element_type=\"container\" data-e-type=\"container\" data-settings=\"{&quot;background_background&quot;:&quot;classic&quot;}\">\n\t\t\t\t\t<div class=\"e-con-inner\">\n\t\t<div class=\"elementor-element elementor-element-38588dd e-con-full e-flex e-con e-child\" data-id=\"38588dd\" data-element_type=\"container\" data-e-type=\"container\">\n\t\t\t\t<div class=\"elementor-element elementor-element-246176a elementor-grid-3 elementor-grid-tablet-2 elementor-grid-mobile-1 elementor-posts--thumbnail-top elementor-posts--show-avatar elementor-card-shadow-yes elementor-posts__hover-gradient elementor-widget elementor-widget-posts\" data-id=\"246176a\" data-element_type=\"widget\" data-e-type=\"widget\" data-settings=\"{&quot;pagination_type&quot;:&quot;numbers_and_prev_next&quot;,&quot;cards_columns&quot;:&quot;3&quot;,&quot;cards_columns_tablet&quot;:&quot;2&quot;,&quot;cards_columns_mobile&quot;:&quot;1&quot;,&quot;cards_row_gap&quot;:{&quot;unit&quot;:&quot;px&quot;,&quot;size&quot;:35,&quot;sizes&quot;:[]},&quot;cards_row_gap_tablet&quot;:{&quot;unit&quot;:&quot;px&quot;,&quot;size&quot;:&quot;&quot;,&quot;sizes&quot;:[]},&quot;cards_row_gap_mobile&quot;:{&quot;unit&quot;:&quot;px&quot;,&quot;size&quot;:&quot;&quot;,&quot;sizes&quot;:[]},&quot;load_more_spinner&quot;:{&quot;value&quot;:&quot;fas fa-spinner&quot;,&quot;library&quot;:&quot;fa-solid&quot;}}\" data-widget_type=\"posts.cards\">\n\t\t\t\t<div class=\"elementor-widget-container\">\n\t\t\t\t\t\t\t<div class=\"elementor-posts-container elementor-posts elementor-posts--skin-cards elementor-grid\" role=\"list\">\n\t\t\t\t<article class=\"elementor-post elementor-grid-item post-14730 post type-post status-publish format-standard has-post-thumbnail hentry category-recrutement\" role=\"listitem\">\n\t\t\t<div class=\"elementor-post__card\">\n\t\t\t\t<a class=\"elementor-post__thumbnail__link\" href=\"https:\/\/www.soweb.io\/en\/stage-communication\/\" tabindex=\"-1\" ><div class=\"elementor-post__thumbnail\"><img fetchpriority=\"high\" decoding=\"async\" width=\"500\" height=\"359\" src=\"https:\/\/www.soweb.io\/wp-content\/uploads\/sow-stage_webdesigner-500x359web.jpg\" class=\"attachment-2048x2048 size-2048x2048 wp-image-3665\" alt=\"Stage Web designer\" \/><\/div><\/a>\n\t\t\t\t<div class=\"elementor-post__badge\">Recruitment<\/div>\n\t\t\t\t<div class=\"elementor-post__avatar\">\n\t\t\t\t\t<\/div>\n\t\t\t\t<div class=\"elementor-post__text\">\n\t\t\t\t<h3 class=\"elementor-post__title\">\n\t\t\t<a href=\"https:\/\/www.soweb.io\/en\/stage-communication\/\" >\n\t\t\t\tStage &#8211; Communication et Marketing (f\/h)\t\t\t<\/a>\n\t\t<\/h3>\n\t\t\t\t<div class=\"elementor-post__excerpt\">\n\t\t\t<p>Stage en Communication &#8211; Marketing Agence de Saint-Pierre d&rsquo;Ol\u00e9ron Vous recherchez un Stage pour valider votre cursus\u00a0Communication ou Marketing digital\u00a0? L&rsquo;agence web de Saint-Pierre d&rsquo;Ol\u00e9ron,<\/p>\n\t\t<\/div>\n\t\t\n\t\t<a class=\"elementor-post__read-more\" href=\"https:\/\/www.soweb.io\/en\/stage-communication\/\" aria-label=\"Read more about Stage &#8211; Communication et Marketing (f\/h)\" tabindex=\"-1\" >\n\t\t\tRead more \u00bb\t\t<\/a>\n\n\t\t\t\t<\/div>\n\t\t\t\t<div class=\"elementor-post__meta-data\">\n\t\t\t\t\t<span class=\"elementor-post-date\">\n\t\t\t11\/02\/2026\t\t<\/span>\n\t\t\t\t<\/div>\n\t\t\t\t\t<\/div>\n\t\t<\/article>\n\t\t\t\t<article class=\"elementor-post elementor-grid-item post-8092 post type-post status-publish format-standard has-post-thumbnail hentry category-recrutement\" role=\"listitem\">\n\t\t\t<div class=\"elementor-post__card\">\n\t\t\t\t<a class=\"elementor-post__thumbnail__link\" href=\"https:\/\/www.soweb.io\/en\/stage-chef-de-projet-digital-f-h\/\" tabindex=\"-1\" ><div class=\"elementor-post__thumbnail\"><img fetchpriority=\"high\" decoding=\"async\" width=\"500\" height=\"359\" src=\"https:\/\/www.soweb.io\/wp-content\/uploads\/sow-stage_webdesigner-500x359web.jpg\" class=\"attachment-2048x2048 size-2048x2048 wp-image-3665\" alt=\"Stage Web designer\" \/><\/div><\/a>\n\t\t\t\t<div class=\"elementor-post__badge\">Recruitment<\/div>\n\t\t\t\t<div class=\"elementor-post__avatar\">\n\t\t\t\t\t<\/div>\n\t\t\t\t<div class=\"elementor-post__text\">\n\t\t\t\t<h3 class=\"elementor-post__title\">\n\t\t\t<a href=\"https:\/\/www.soweb.io\/en\/stage-chef-de-projet-digital-f-h\/\" >\n\t\t\t\tStage &#8211; Chef de projet digital  (f\/h)\t\t\t<\/a>\n\t\t<\/h3>\n\t\t\t\t<div class=\"elementor-post__excerpt\">\n\t\t\t<p>Stage Chef de projet digital &#8211; Web Designer Agence de Saint-Pierre d&rsquo;Ol\u00e9ron Vous recherchez un Stage pour valider votre cursus\u00a0Chef de projet digital\u00a0 ou communication<\/p>\n\t\t<\/div>\n\t\t\n\t\t<a class=\"elementor-post__read-more\" href=\"https:\/\/www.soweb.io\/en\/stage-chef-de-projet-digital-f-h\/\" aria-label=\"Read more about Stage &#8211; Chef de projet digital  (f\/h)\" tabindex=\"-1\" >\n\t\t\tRead more \u00bb\t\t<\/a>\n\n\t\t\t\t<\/div>\n\t\t\t\t<div class=\"elementor-post__meta-data\">\n\t\t\t\t\t<span class=\"elementor-post-date\">\n\t\t\t11\/02\/2026\t\t<\/span>\n\t\t\t\t<\/div>\n\t\t\t\t\t<\/div>\n\t\t<\/article>\n\t\t\t\t<\/div>\n\t\t\n\t\t\t\t\t\t<\/div>\n\t\t\t\t<\/div>\n\t\t\t\t<\/div>\n\t\t\t\t\t<\/div>\n\t\t\t\t<\/div>\n\t\t\t\t<\/div>","protected":false},"excerpt":{"rendered":"<p>Sowebio recrute diff\u00e9rents profils Nous recherchons (F\/H), un Stagiaire en marketing et communication, D\u00e9veloppeurs back et front&#8230; Nos valeurs : Efficacit\u00e9, Responsabilit\u00e9 et Bonne Humeur !<\/p>","protected":false},"author":2,"featured_media":0,"parent":0,"menu_order":0,"comment_status":"closed","ping_status":"closed","template":"","meta":{"footnotes":""},"class_list":["post-37","page","type-page","status-publish","hentry"],"yoast_head":"<!-- This site is optimized with the Yoast SEO plugin v25.0 - https:\/\/yoast.com\/wordpress\/plugins\/seo\/ -->\n<title>Recrutement - Sowebio Strat\u00e9gie Digitale<\/title>\n<meta name=\"robots\" content=\"index, follow, max-snippet:-1, max-image-preview:large, max-video-preview:-1\" \/>\n<link rel=\"canonical\" href=\"https:\/\/www.soweb.io\/en\/recrutement\/\" \/>\n<meta property=\"og:locale\" content=\"en_GB\" \/>\n<meta property=\"og:type\" content=\"article\" \/>\n<meta property=\"og:title\" content=\"Recrutement - Sowebio Strat\u00e9gie Digitale\" \/>\n<meta property=\"og:description\" content=\"Sowebio recrute diff\u00e9rents profils Nous recherchons (F\/H), un Stagiaire en marketing et communication, D\u00e9veloppeurs back et front&#8230; Nos valeurs : Efficacit\u00e9, Responsabilit\u00e9 et Bonne Humeur !\" \/>\n<meta property=\"og:url\" content=\"https:\/\/www.soweb.io\/en\/recrutement\/\" \/>\n<meta property=\"og:site_name\" content=\"Sowebio Strat\u00e9gie Digitale\" \/>\n<meta property=\"article:modified_time\" content=\"2026-02-11T15:51:49+00:00\" \/>\n<meta name=\"twitter:card\" content=\"summary_large_image\" \/>\n<meta name=\"twitter:label1\" content=\"Estimated reading time\" \/>\n\t<meta name=\"twitter:data1\" content=\"3 minutes\" \/>\n<script type=\"application\/ld+json\" class=\"yoast-schema-graph\">{\"@context\":\"https:\/\/schema.org\",\"@graph\":[{\"@type\":\"WebPage\",\"@id\":\"https:\/\/www.soweb.io\/recrutement\/\",\"url\":\"https:\/\/www.soweb.io\/recrutement\/\",\"name\":\"Recrutement - Sowebio Strat\u00e9gie Digitale\",\"isPartOf\":{\"@id\":\"https:\/\/www.soweb.io\/#website\"},\"datePublished\":\"2020-01-24T16:12:22+00:00\",\"dateModified\":\"2026-02-11T15:51:49+00:00\",\"breadcrumb\":{\"@id\":\"https:\/\/www.soweb.io\/recrutement\/#breadcrumb\"},\"inLanguage\":\"en-GB\",\"potentialAction\":[{\"@type\":\"ReadAction\",\"target\":[\"https:\/\/www.soweb.io\/recrutement\/\"]}]},{\"@type\":\"BreadcrumbList\",\"@id\":\"https:\/\/www.soweb.io\/recrutement\/#breadcrumb\",\"itemListElement\":[{\"@type\":\"ListItem\",\"position\":1,\"name\":\"Home\",\"item\":\"https:\/\/www.soweb.io\/\"},{\"@type\":\"ListItem\",\"position\":2,\"name\":\"Recrutement\"}]},{\"@type\":\"WebSite\",\"@id\":\"https:\/\/www.soweb.io\/#website\",\"url\":\"https:\/\/www.soweb.io\/\",\"name\":\"Sowebio Strat\u00e9gie Digitale\",\"description\":\"\",\"publisher\":{\"@id\":\"https:\/\/www.soweb.io\/#organization\"},\"potentialAction\":[{\"@type\":\"SearchAction\",\"target\":{\"@type\":\"EntryPoint\",\"urlTemplate\":\"https:\/\/www.soweb.io\/?s={search_term_string}\"},\"query-input\":{\"@type\":\"PropertyValueSpecification\",\"valueRequired\":true,\"valueName\":\"search_term_string\"}}],\"inLanguage\":\"en-GB\"},{\"@type\":\"Organization\",\"@id\":\"https:\/\/www.soweb.io\/#organization\",\"name\":\"Sowebio\",\"url\":\"https:\/\/www.soweb.io\/\",\"logo\":{\"@type\":\"ImageObject\",\"inLanguage\":\"en-GB\",\"@id\":\"https:\/\/www.soweb.io\/#\/schema\/logo\/image\/\",\"url\":\"https:\/\/www.soweb.io\/wp-content\/uploads\/sow-sow-logo_sowebio_transparent-240x49web.png\",\"contentUrl\":\"https:\/\/www.soweb.io\/wp-content\/uploads\/sow-sow-logo_sowebio_transparent-240x49web.png\",\"width\":240,\"height\":49,\"caption\":\"Sowebio\"},\"image\":{\"@id\":\"https:\/\/www.soweb.io\/#\/schema\/logo\/image\/\"}}]}<\/script>\n<!-- \/ Yoast SEO plugin. -->","yoast_head_json":{"title":"Recrutement - Sowebio Strat\u00e9gie Digitale","robots":{"index":"index","follow":"follow","max-snippet":"max-snippet:-1","max-image-preview":"max-image-preview:large","max-video-preview":"max-video-preview:-1"},"canonical":"https:\/\/www.soweb.io\/en\/recrutement\/","og_locale":"en_GB","og_type":"article","og_title":"Recrutement - Sowebio Strat\u00e9gie Digitale","og_description":"Sowebio recrute diff\u00e9rents profils Nous recherchons (F\/H), un Stagiaire en marketing et communication, D\u00e9veloppeurs back et front&#8230; Nos valeurs : Efficacit\u00e9, Responsabilit\u00e9 et Bonne Humeur !","og_url":"https:\/\/www.soweb.io\/en\/recrutement\/","og_site_name":"Sowebio Strat\u00e9gie Digitale","article_modified_time":"2026-02-11T15:51:49+00:00","twitter_card":"summary_large_image","twitter_misc":{"Estimated reading time":"3 minutes"},"schema":{"@context":"https:\/\/schema.org","@graph":[{"@type":"WebPage","@id":"https:\/\/www.soweb.io\/recrutement\/","url":"https:\/\/www.soweb.io\/recrutement\/","name":"Recrutement - Sowebio Strat\u00e9gie Digitale","isPartOf":{"@id":"https:\/\/www.soweb.io\/#website"},"datePublished":"2020-01-24T16:12:22+00:00","dateModified":"2026-02-11T15:51:49+00:00","breadcrumb":{"@id":"https:\/\/www.soweb.io\/recrutement\/#breadcrumb"},"inLanguage":"en-GB","potentialAction":[{"@type":"ReadAction","target":["https:\/\/www.soweb.io\/recrutement\/"]}]},{"@type":"BreadcrumbList","@id":"https:\/\/www.soweb.io\/recrutement\/#breadcrumb","itemListElement":[{"@type":"ListItem","position":1,"name":"Home","item":"https:\/\/www.soweb.io\/"},{"@type":"ListItem","position":2,"name":"Recrutement"}]},{"@type":"WebSite","@id":"https:\/\/www.soweb.io\/#website","url":"https:\/\/www.soweb.io\/","name":"Sowebio Strat\u00e9gie Digitale","description":"","publisher":{"@id":"https:\/\/www.soweb.io\/#organization"},"potentialAction":[{"@type":"SearchAction","target":{"@type":"EntryPoint","urlTemplate":"https:\/\/www.soweb.io\/?s={search_term_string}"},"query-input":{"@type":"PropertyValueSpecification","valueRequired":true,"valueName":"search_term_string"}}],"inLanguage":"en-GB"},{"@type":"Organization","@id":"https:\/\/www.soweb.io\/#organization","name":"Sowebio","url":"https:\/\/www.soweb.io\/","logo":{"@type":"ImageObject","inLanguage":"en-GB","@id":"https:\/\/www.soweb.io\/#\/schema\/logo\/image\/","url":"https:\/\/www.soweb.io\/wp-content\/uploads\/sow-sow-logo_sowebio_transparent-240x49web.png","contentUrl":"https:\/\/www.soweb.io\/wp-content\/uploads\/sow-sow-logo_sowebio_transparent-240x49web.png","width":240,"height":49,"caption":"Sowebio"},"image":{"@id":"https:\/\/www.soweb.io\/#\/schema\/logo\/image\/"}}]}},"_links":{"self":[{"href":"https:\/\/www.soweb.io\/en\/wp-json\/wp\/v2\/pages\/37","targetHints":{"allow":["GET"]}}],"collection":[{"href":"https:\/\/www.soweb.io\/en\/wp-json\/wp\/v2\/pages"}],"about":[{"href":"https:\/\/www.soweb.io\/en\/wp-json\/wp\/v2\/types\/page"}],"author":[{"embeddable":true,"href":"https:\/\/www.soweb.io\/en\/wp-json\/wp\/v2\/users\/2"}],"replies":[{"embeddable":true,"href":"https:\/\/www.soweb.io\/en\/wp-json\/wp\/v2\/comments?post=37"}],"version-history":[{"count":5,"href":"https:\/\/www.soweb.io\/en\/wp-json\/wp\/v2\/pages\/37\/revisions"}],"predecessor-version":[{"id":14737,"href":"https:\/\/www.soweb.io\/en\/wp-json\/wp\/v2\/pages\/37\/revisions\/14737"}],"wp:attachment":[{"href":"https:\/\/www.soweb.io\/en\/wp-json\/wp\/v2\/media?parent=37"}],"curies":[{"name":"wp","href":"https:\/\/api.w.org\/{rel}","templated":true}]}}