{"id":475,"date":"2020-02-09T16:55:57","date_gmt":"2020-02-09T15:55:57","guid":{"rendered":"https:\/\/www.soweb.io\/?page_id=475"},"modified":"2025-09-23T14:20:35","modified_gmt":"2025-09-23T13:20:35","slug":"community-manager","status":"publish","type":"page","link":"https:\/\/www.soweb.io\/en\/community-manager\/","title":{"rendered":"Community Management"},"content":{"rendered":"<div data-elementor-type=\"wp-page\" data-elementor-id=\"475\" class=\"elementor elementor-475\" data-elementor-post-type=\"page\">\n\t\t\t\t<div class=\"elementor-element elementor-element-6840414 e-flex e-con-boxed e-con e-parent\" data-id=\"6840414\" data-element_type=\"container\" data-e-type=\"container\" data-settings=\"{&quot;background_background&quot;:&quot;classic&quot;}\">\n\t\t\t\t\t<div class=\"e-con-inner\">\n\t\t<div class=\"elementor-element elementor-element-89fe609 e-con-full e-flex e-con e-child\" data-id=\"89fe609\" data-element_type=\"container\" data-e-type=\"container\">\n\t\t\t\t<div class=\"elementor-element elementor-element-18b839f elementor-widget elementor-widget-spacer\" data-id=\"18b839f\" data-element_type=\"widget\" data-e-type=\"widget\" data-widget_type=\"spacer.default\">\n\t\t\t\t<div class=\"elementor-widget-container\">\n\t\t\t\t\t\t\t<div class=\"elementor-spacer\">\n\t\t\t<div class=\"elementor-spacer-inner\"><\/div>\n\t\t<\/div>\n\t\t\t\t\t\t<\/div>\n\t\t\t\t<\/div>\n\t\t\t\t<div class=\"elementor-element elementor-element-32982f4 elementor-widget elementor-widget-heading\" data-id=\"32982f4\" data-element_type=\"widget\" data-e-type=\"widget\" data-widget_type=\"heading.default\">\n\t\t\t\t<div class=\"elementor-widget-container\">\n\t\t\t\t\t<h1 class=\"elementor-heading-title elementor-size-default\">Community Management <\/h1>\t\t\t\t<\/div>\n\t\t\t\t<\/div>\n\t\t\t\t<div class=\"elementor-element elementor-element-000bba5 elementor-widget elementor-widget-spacer\" data-id=\"000bba5\" data-element_type=\"widget\" data-e-type=\"widget\" data-widget_type=\"spacer.default\">\n\t\t\t\t<div class=\"elementor-widget-container\">\n\t\t\t\t\t\t\t<div class=\"elementor-spacer\">\n\t\t\t<div class=\"elementor-spacer-inner\"><\/div>\n\t\t<\/div>\n\t\t\t\t\t\t<\/div>\n\t\t\t\t<\/div>\n\t\t\t\t<\/div>\n\t\t\t\t\t<\/div>\n\t\t\t\t<\/div>\n\t\t<div class=\"elementor-element elementor-element-44746ae e-flex e-con-boxed e-con e-parent\" data-id=\"44746ae\" data-element_type=\"container\" data-e-type=\"container\" data-settings=\"{&quot;background_background&quot;:&quot;classic&quot;}\">\n\t\t\t\t\t<div class=\"e-con-inner\">\n\t\t<div class=\"elementor-element elementor-element-ebd0855 e-con-full e-flex e-con e-child\" data-id=\"ebd0855\" data-element_type=\"container\" data-e-type=\"container\">\n\t\t\t\t<div class=\"elementor-element elementor-element-2f892f0 elementor-widget elementor-widget-spacer\" data-id=\"2f892f0\" data-element_type=\"widget\" data-e-type=\"widget\" data-widget_type=\"spacer.default\">\n\t\t\t\t<div class=\"elementor-widget-container\">\n\t\t\t\t\t\t\t<div class=\"elementor-spacer\">\n\t\t\t<div class=\"elementor-spacer-inner\"><\/div>\n\t\t<\/div>\n\t\t\t\t\t\t<\/div>\n\t\t\t\t<\/div>\n\t\t\t\t<\/div>\n\t\t\t\t\t<\/div>\n\t\t\t\t<\/div>\n\t\t<div class=\"elementor-element elementor-element-410b530 e-flex e-con-boxed e-con e-parent\" data-id=\"410b530\" data-element_type=\"container\" data-e-type=\"container\" data-settings=\"{&quot;background_background&quot;:&quot;classic&quot;}\">\n\t\t\t\t\t<div class=\"e-con-inner\">\n\t\t<div class=\"elementor-element elementor-element-94aafbf e-con-full e-flex e-con e-child\" data-id=\"94aafbf\" data-element_type=\"container\" data-e-type=\"container\">\n\t\t\t\t<div class=\"elementor-element elementor-element-e631f46 elementor-widget elementor-widget-image\" data-id=\"e631f46\" data-element_type=\"widget\" data-e-type=\"widget\" data-widget_type=\"image.default\">\n\t\t\t\t<div class=\"elementor-widget-container\">\n\t\t\t\t\t\t\t\t\t\t\t\t\t\t\t<img fetchpriority=\"high\" decoding=\"async\" width=\"700\" height=\"522\" src=\"https:\/\/www.soweb.io\/wp-content\/uploads\/community-manager.png\" class=\"attachment-large size-large wp-image-5203\" alt=\"community manager\" \/>\t\t\t\t\t\t\t\t\t\t\t\t\t\t\t<\/div>\n\t\t\t\t<\/div>\n\t\t\t\t<\/div>\n\t\t<div class=\"elementor-element elementor-element-ca71b77 e-con-full e-flex e-con e-child\" data-id=\"ca71b77\" data-element_type=\"container\" data-e-type=\"container\">\n\t\t\t\t<div class=\"elementor-element elementor-element-ac5a950 elementor-widget elementor-widget-heading\" data-id=\"ac5a950\" data-element_type=\"widget\" data-e-type=\"widget\" data-widget_type=\"heading.default\">\n\t\t\t\t<div class=\"elementor-widget-container\">\n\t\t\t\t\t<h2 class=\"elementor-heading-title elementor-size-default\">The Role of a Sowebio Community Manager<\/h2>\t\t\t\t<\/div>\n\t\t\t\t<\/div>\n\t\t\t\t<div class=\"elementor-element elementor-element-b72591a elementor-widget elementor-widget-text-editor\" data-id=\"b72591a\" data-element_type=\"widget\" data-e-type=\"widget\" data-widget_type=\"text-editor.default\">\n\t\t\t\t<div class=\"elementor-widget-container\">\n\t\t\t\t\t\t\t\t\t<p style=\"text-align: justify;\" class=\" translation-block\">These days, companies want to monitor online interactions as well as their reputation, products, and services. Without a CM <strong>(community manager),<\/strong> comments can quickly get out of control and be difficult to manage on social media. The CM is also known as a Web communications officer whose role is to regularly post content mentioning your company and providing <strong>high-quality editorial copy.<\/strong> In addition, community managers actively contribute to your brand image on different <strong>online media<\/strong> and <strong>digital channels.<\/strong><\/p><p style=\"text-align: justify;\" class=\" translation-block\">They must master the <strong>latest online skills<\/strong> and constantly adapt to changing modes of communication. That\u2019s why <strong>community managers:<\/strong><\/p><ul><li>Assure la <strong>gestion et le suivi de vos r\u00e9seaux sociaux<\/strong><\/li><li>Conna\u00eet les avantages et les contraintes<\/li><li>Ma\u00eetrise l\u2019\u00e9criture du Web et les techniques de r\u00e9f\u00e9rencement<\/li><li>Cr\u00e9e des <strong>contenus \u00e9ditoriaux de qualit\u00e9<\/strong><\/li><\/ul>\t\t\t\t\t\t\t\t<\/div>\n\t\t\t\t<\/div>\n\t\t\t\t<\/div>\n\t\t\t\t\t<\/div>\n\t\t\t\t<\/div>\n\t\t<div class=\"elementor-element elementor-element-e14937f e-flex e-con-boxed e-con e-parent\" data-id=\"e14937f\" data-element_type=\"container\" data-e-type=\"container\" data-settings=\"{&quot;background_background&quot;:&quot;classic&quot;}\">\n\t\t\t\t\t<div class=\"e-con-inner\">\n\t\t<div class=\"elementor-element elementor-element-9d1e439 e-con-full e-flex e-con e-child\" data-id=\"9d1e439\" data-element_type=\"container\" data-e-type=\"container\">\n\t\t\t\t<div class=\"elementor-element elementor-element-ba20e98 elementor-widget elementor-widget-spacer\" data-id=\"ba20e98\" data-element_type=\"widget\" data-e-type=\"widget\" data-widget_type=\"spacer.default\">\n\t\t\t\t<div class=\"elementor-widget-container\">\n\t\t\t\t\t\t\t<div class=\"elementor-spacer\">\n\t\t\t<div class=\"elementor-spacer-inner\"><\/div>\n\t\t<\/div>\n\t\t\t\t\t\t<\/div>\n\t\t\t\t<\/div>\n\t\t\t\t<\/div>\n\t\t\t\t\t<\/div>\n\t\t\t\t<\/div>\n\t\t<div class=\"elementor-element elementor-element-20a062e e-flex e-con-boxed e-con e-parent\" data-id=\"20a062e\" data-element_type=\"container\" data-e-type=\"container\">\n\t\t\t\t\t<div class=\"e-con-inner\">\n\t\t<div class=\"elementor-element elementor-element-131ea59 e-con-full e-flex e-con e-child\" data-id=\"131ea59\" data-element_type=\"container\" data-e-type=\"container\" data-settings=\"{&quot;background_background&quot;:&quot;classic&quot;}\">\n\t\t\t\t<div class=\"elementor-element elementor-element-e6a515a elementor-widget elementor-widget-heading\" data-id=\"e6a515a\" data-element_type=\"widget\" data-e-type=\"widget\" data-widget_type=\"heading.default\">\n\t\t\t\t<div class=\"elementor-widget-container\">\n\t\t\t\t\t<h2 class=\"elementor-heading-title elementor-size-default\">Creating and Managing Your Community<\/h2>\t\t\t\t<\/div>\n\t\t\t\t<\/div>\n\t\t\t\t<div class=\"elementor-element elementor-element-266689a elementor-widget elementor-widget-text-editor\" data-id=\"266689a\" data-element_type=\"widget\" data-e-type=\"widget\" data-widget_type=\"text-editor.default\">\n\t\t\t\t<div class=\"elementor-widget-container\">\n\t\t\t\t\t\t\t\t\t<p class=\" translation-block\">The Sowebio team creates your site and <strong>social media pages,<\/strong> and then your <strong>Sowebio community manager<\/strong> brings your brand to life. They regularly publish articles, videos, and white papers according to the editorial schedule and graphic style guide.<\/p>\t\t\t\t\t\t\t\t<\/div>\n\t\t\t\t<\/div>\n\t\t\t\t<\/div>\n\t\t<div class=\"elementor-element elementor-element-eae8bc5 e-con-full e-flex e-con e-child\" data-id=\"eae8bc5\" data-element_type=\"container\" data-e-type=\"container\" data-settings=\"{&quot;background_background&quot;:&quot;classic&quot;}\">\n\t\t\t\t<\/div>\n\t\t<div class=\"elementor-element elementor-element-a3d0e4d e-con-full e-flex e-con e-child\" data-id=\"a3d0e4d\" data-element_type=\"container\" data-e-type=\"container\" data-settings=\"{&quot;background_background&quot;:&quot;classic&quot;}\">\n\t\t\t\t<div class=\"elementor-element elementor-element-d38b1a3 elementor-widget elementor-widget-text-editor\" data-id=\"d38b1a3\" data-element_type=\"widget\" data-e-type=\"widget\" data-widget_type=\"text-editor.default\">\n\t\t\t\t<div class=\"elementor-widget-container\">\n\t\t\t\t\t\t\t\t\t<p class=\" translation-block\">You don\u2019t have a <strong>community?<\/strong> Don\u2019t worry, we will create one for you! Sowebio <strong>brings your community<\/strong> together by regularly <strong>editing and distributing relevant content.<\/strong> As you now know, <strong>Web communications officers<\/strong> have become essential to the life of your site and your <strong>social media accounts.<\/strong><\/p>\t\t\t\t\t\t\t\t<\/div>\n\t\t\t\t<\/div>\n\t\t\t\t<\/div>\n\t\t\t\t\t<\/div>\n\t\t\t\t<\/div>\n\t\t<div class=\"elementor-element elementor-element-691513a e-flex e-con-boxed e-con e-parent\" data-id=\"691513a\" data-element_type=\"container\" data-e-type=\"container\">\n\t\t\t\t\t<div class=\"e-con-inner\">\n\t\t<div class=\"elementor-element elementor-element-472d89f e-con-full e-flex e-con e-child\" data-id=\"472d89f\" data-element_type=\"container\" data-e-type=\"container\">\n\t\t\t\t<\/div>\n\t\t<div class=\"elementor-element elementor-element-ec22f98 e-con-full e-flex e-con e-child\" data-id=\"ec22f98\" data-element_type=\"container\" data-e-type=\"container\" data-settings=\"{&quot;background_background&quot;:&quot;classic&quot;}\">\n\t\t\t\t<div class=\"elementor-element elementor-element-5afce3e elementor-widget elementor-widget-text-editor\" data-id=\"5afce3e\" data-element_type=\"widget\" data-e-type=\"widget\" data-widget_type=\"text-editor.default\">\n\t\t\t\t<div class=\"elementor-widget-container\">\n\t\t\t\t\t\t\t\t\t<p style=\"text-align: justify;\">All Content Complies with Your Image:<\/p><ul><li style=\"list-style-type: none;\"><ul><li style=\"text-align: justify;\">Photos, diaporamas, dessins anim\u00e9s et vid\u00e9os<\/li><li style=\"text-align: justify;\">Articles, promotions et <strong>livres blancs<\/strong><\/li><li style=\"text-align: justify;\">Planification \u00e9ditoriale li\u00e9e aux <strong>\u00e9v\u00e8nements<\/strong> de votre domaine d&rsquo;activit\u00e9 et de vos <strong>actions promotionnelles<\/strong><\/li><li style=\"text-align: justify;\">Lancement de <strong>nouveaux produits<\/strong><\/li><\/ul><\/li><\/ul><div style=\"text-align: center;\">Satisfied clients are your ambassadors!<\/div>\t\t\t\t\t\t\t\t<\/div>\n\t\t\t\t<\/div>\n\t\t\t\t<\/div>\n\t\t<div class=\"elementor-element elementor-element-b2ff680 e-con-full e-flex e-con e-child\" data-id=\"b2ff680\" data-element_type=\"container\" data-e-type=\"container\">\n\t\t\t\t<\/div>\n\t\t\t\t\t<\/div>\n\t\t\t\t<\/div>\n\t\t<div class=\"elementor-element elementor-element-cc59cc4 e-flex e-con-boxed e-con e-parent\" data-id=\"cc59cc4\" data-element_type=\"container\" data-e-type=\"container\">\n\t\t\t\t\t<div class=\"e-con-inner\">\n\t\t<div class=\"elementor-element elementor-element-73ee701 e-con-full e-flex e-con e-child\" data-id=\"73ee701\" data-element_type=\"container\" data-e-type=\"container\">\n\t\t\t\t<div class=\"elementor-element elementor-element-8b43106 elementor-widget elementor-widget-spacer\" data-id=\"8b43106\" data-element_type=\"widget\" data-e-type=\"widget\" data-widget_type=\"spacer.default\">\n\t\t\t\t<div class=\"elementor-widget-container\">\n\t\t\t\t\t\t\t<div class=\"elementor-spacer\">\n\t\t\t<div class=\"elementor-spacer-inner\"><\/div>\n\t\t<\/div>\n\t\t\t\t\t\t<\/div>\n\t\t\t\t<\/div>\n\t\t\t\t<div class=\"elementor-element elementor-element-7a03270 elementor-align-center elementor-widget elementor-widget-button\" data-id=\"7a03270\" data-element_type=\"widget\" data-e-type=\"widget\" data-widget_type=\"button.default\">\n\t\t\t\t<div class=\"elementor-widget-container\">\n\t\t\t\t\t\t\t\t\t<div class=\"elementor-button-wrapper\">\n\t\t\t\t\t<a class=\"elementor-button elementor-button-link elementor-size-sm\" href=\"https:\/\/www.soweb.io\/contact\">\n\t\t\t\t\t\t<span class=\"elementor-button-content-wrapper\">\n\t\t\t\t\t\t<span class=\"elementor-button-icon\">\n\t\t\t\t<i aria-hidden=\"true\" class=\"far fa-id-card\"><\/i>\t\t\t<\/span>\n\t\t\t\t\t\t\t\t\t<span class=\"elementor-button-text\">Contact us!<\/span>\n\t\t\t\t\t<\/span>\n\t\t\t\t\t<\/a>\n\t\t\t\t<\/div>\n\t\t\t\t\t\t\t\t<\/div>\n\t\t\t\t<\/div>\n\t\t\t\t<div class=\"elementor-element elementor-element-122d227 elementor-widget elementor-widget-spacer\" data-id=\"122d227\" data-element_type=\"widget\" data-e-type=\"widget\" data-widget_type=\"spacer.default\">\n\t\t\t\t<div class=\"elementor-widget-container\">\n\t\t\t\t\t\t\t<div class=\"elementor-spacer\">\n\t\t\t<div class=\"elementor-spacer-inner\"><\/div>\n\t\t<\/div>\n\t\t\t\t\t\t<\/div>\n\t\t\t\t<\/div>\n\t\t\t\t<\/div>\n\t\t\t\t\t<\/div>\n\t\t\t\t<\/div>\n\t\t\t\t<\/div>","protected":false},"excerpt":{"rendered":"<p>Community Manager Le r\u00f4le du Community Manager Sowebio Les entreprises veulent dor\u00e9navant ma\u00eetriser les \u00e9changes sur le web et leur notori\u00e9t\u00e9, leurs produits et leurs services. C&rsquo;est pourquoi, sans un Community Manager \u00ab\u00a0CM\u00a0\u00bb, les commentaires peuvent vite devenir incontr\u00f4lables et difficiles \u00e0 g\u00e9rer sur les r\u00e9seaux sociaux. Le CM est appel\u00e9 \u00e9galement charg\u00e9 de communication [&hellip;]<\/p>","protected":false},"author":2,"featured_media":0,"parent":0,"menu_order":0,"comment_status":"closed","ping_status":"closed","template":"","meta":{"footnotes":""},"class_list":["post-475","page","type-page","status-publish","hentry"],"yoast_head":"<!-- This site is optimized with the Yoast SEO plugin v25.0 - https:\/\/yoast.com\/wordpress\/plugins\/seo\/ -->\n<title>Le Community Manager Sowebio Strat\u00e9gie Digitale valorise votre marque<\/title>\n<meta name=\"description\" content=\"Le Community Manager contribue activement \u00e0 votre image de marque sur les diff\u00e9rents supports web et les canaux de communication digitale.\" \/>\n<meta name=\"robots\" content=\"index, follow, max-snippet:-1, max-image-preview:large, max-video-preview:-1\" \/>\n<link rel=\"canonical\" href=\"https:\/\/www.soweb.io\/en\/community-manager\/\" \/>\n<meta property=\"og:locale\" content=\"en_GB\" \/>\n<meta property=\"og:type\" content=\"article\" \/>\n<meta property=\"og:title\" content=\"Le Community Manager Sowebio Strat\u00e9gie Digitale valorise votre marque\" \/>\n<meta property=\"og:description\" content=\"Le Community Manager contribue activement \u00e0 votre image de marque sur les diff\u00e9rents supports web et les canaux de communication digitale.\" \/>\n<meta property=\"og:url\" content=\"https:\/\/www.soweb.io\/en\/community-manager\/\" \/>\n<meta property=\"og:site_name\" content=\"Sowebio Strat\u00e9gie Digitale\" \/>\n<meta property=\"article:modified_time\" content=\"2025-09-23T13:20:35+00:00\" \/>\n<meta property=\"og:image\" content=\"https:\/\/www.soweb.io\/wp-content\/uploads\/community-manager.png\" \/>\n\t<meta property=\"og:image:width\" content=\"700\" \/>\n\t<meta property=\"og:image:height\" content=\"522\" \/>\n\t<meta property=\"og:image:type\" content=\"image\/png\" \/>\n<meta name=\"twitter:card\" content=\"summary_large_image\" \/>\n<meta name=\"twitter:label1\" content=\"Estimated reading time\" \/>\n\t<meta name=\"twitter:data1\" content=\"2 minutes\" \/>\n<script type=\"application\/ld+json\" class=\"yoast-schema-graph\">{\"@context\":\"https:\/\/schema.org\",\"@graph\":[{\"@type\":\"WebPage\",\"@id\":\"https:\/\/www.soweb.io\/community-manager\/\",\"url\":\"https:\/\/www.soweb.io\/community-manager\/\",\"name\":\"Le Community Manager Sowebio Strat\u00e9gie Digitale valorise votre marque\",\"isPartOf\":{\"@id\":\"https:\/\/www.soweb.io\/#website\"},\"primaryImageOfPage\":{\"@id\":\"https:\/\/www.soweb.io\/community-manager\/#primaryimage\"},\"image\":{\"@id\":\"https:\/\/www.soweb.io\/community-manager\/#primaryimage\"},\"thumbnailUrl\":\"https:\/\/www.soweb.io\/wp-content\/uploads\/community-manager.png\",\"datePublished\":\"2020-02-09T15:55:57+00:00\",\"dateModified\":\"2025-09-23T13:20:35+00:00\",\"description\":\"Le Community Manager contribue activement \u00e0 votre image de marque sur les diff\u00e9rents supports web et les canaux de communication digitale.\",\"breadcrumb\":{\"@id\":\"https:\/\/www.soweb.io\/community-manager\/#breadcrumb\"},\"inLanguage\":\"en-GB\",\"potentialAction\":[{\"@type\":\"ReadAction\",\"target\":[\"https:\/\/www.soweb.io\/community-manager\/\"]}]},{\"@type\":\"ImageObject\",\"inLanguage\":\"en-GB\",\"@id\":\"https:\/\/www.soweb.io\/community-manager\/#primaryimage\",\"url\":\"https:\/\/www.soweb.io\/wp-content\/uploads\/community-manager.png\",\"contentUrl\":\"https:\/\/www.soweb.io\/wp-content\/uploads\/community-manager.png\"},{\"@type\":\"BreadcrumbList\",\"@id\":\"https:\/\/www.soweb.io\/community-manager\/#breadcrumb\",\"itemListElement\":[{\"@type\":\"ListItem\",\"position\":1,\"name\":\"Home\",\"item\":\"https:\/\/www.soweb.io\/\"},{\"@type\":\"ListItem\",\"position\":2,\"name\":\"Community Manager\"}]},{\"@type\":\"WebSite\",\"@id\":\"https:\/\/www.soweb.io\/#website\",\"url\":\"https:\/\/www.soweb.io\/\",\"name\":\"Sowebio Strat\u00e9gie Digitale\",\"description\":\"\",\"publisher\":{\"@id\":\"https:\/\/www.soweb.io\/#organization\"},\"potentialAction\":[{\"@type\":\"SearchAction\",\"target\":{\"@type\":\"EntryPoint\",\"urlTemplate\":\"https:\/\/www.soweb.io\/?s={search_term_string}\"},\"query-input\":{\"@type\":\"PropertyValueSpecification\",\"valueRequired\":true,\"valueName\":\"search_term_string\"}}],\"inLanguage\":\"en-GB\"},{\"@type\":\"Organization\",\"@id\":\"https:\/\/www.soweb.io\/#organization\",\"name\":\"Sowebio\",\"url\":\"https:\/\/www.soweb.io\/\",\"logo\":{\"@type\":\"ImageObject\",\"inLanguage\":\"en-GB\",\"@id\":\"https:\/\/www.soweb.io\/#\/schema\/logo\/image\/\",\"url\":\"https:\/\/www.soweb.io\/wp-content\/uploads\/sow-sow-logo_sowebio_transparent-240x49web.png\",\"contentUrl\":\"https:\/\/www.soweb.io\/wp-content\/uploads\/sow-sow-logo_sowebio_transparent-240x49web.png\",\"width\":240,\"height\":49,\"caption\":\"Sowebio\"},\"image\":{\"@id\":\"https:\/\/www.soweb.io\/#\/schema\/logo\/image\/\"}}]}<\/script>\n<!-- \/ Yoast SEO plugin. -->","yoast_head_json":{"title":"Le Community Manager Sowebio Strat\u00e9gie Digitale valorise votre marque","description":"Le Community Manager contribue activement \u00e0 votre image de marque sur les diff\u00e9rents supports web et les canaux de communication digitale.","robots":{"index":"index","follow":"follow","max-snippet":"max-snippet:-1","max-image-preview":"max-image-preview:large","max-video-preview":"max-video-preview:-1"},"canonical":"https:\/\/www.soweb.io\/en\/community-manager\/","og_locale":"en_GB","og_type":"article","og_title":"Le Community Manager Sowebio Strat\u00e9gie Digitale valorise votre marque","og_description":"Le Community Manager contribue activement \u00e0 votre image de marque sur les diff\u00e9rents supports web et les canaux de communication digitale.","og_url":"https:\/\/www.soweb.io\/en\/community-manager\/","og_site_name":"Sowebio Strat\u00e9gie Digitale","article_modified_time":"2025-09-23T13:20:35+00:00","og_image":[{"width":700,"height":522,"url":"https:\/\/www.soweb.io\/wp-content\/uploads\/community-manager.png","type":"image\/png"}],"twitter_card":"summary_large_image","twitter_misc":{"Estimated reading time":"2 minutes"},"schema":{"@context":"https:\/\/schema.org","@graph":[{"@type":"WebPage","@id":"https:\/\/www.soweb.io\/community-manager\/","url":"https:\/\/www.soweb.io\/community-manager\/","name":"Le Community Manager Sowebio Strat\u00e9gie Digitale valorise votre marque","isPartOf":{"@id":"https:\/\/www.soweb.io\/#website"},"primaryImageOfPage":{"@id":"https:\/\/www.soweb.io\/community-manager\/#primaryimage"},"image":{"@id":"https:\/\/www.soweb.io\/community-manager\/#primaryimage"},"thumbnailUrl":"https:\/\/www.soweb.io\/wp-content\/uploads\/community-manager.png","datePublished":"2020-02-09T15:55:57+00:00","dateModified":"2025-09-23T13:20:35+00:00","description":"Le Community Manager contribue activement \u00e0 votre image de marque sur les diff\u00e9rents supports web et les canaux de communication digitale.","breadcrumb":{"@id":"https:\/\/www.soweb.io\/community-manager\/#breadcrumb"},"inLanguage":"en-GB","potentialAction":[{"@type":"ReadAction","target":["https:\/\/www.soweb.io\/community-manager\/"]}]},{"@type":"ImageObject","inLanguage":"en-GB","@id":"https:\/\/www.soweb.io\/community-manager\/#primaryimage","url":"https:\/\/www.soweb.io\/wp-content\/uploads\/community-manager.png","contentUrl":"https:\/\/www.soweb.io\/wp-content\/uploads\/community-manager.png"},{"@type":"BreadcrumbList","@id":"https:\/\/www.soweb.io\/community-manager\/#breadcrumb","itemListElement":[{"@type":"ListItem","position":1,"name":"Home","item":"https:\/\/www.soweb.io\/"},{"@type":"ListItem","position":2,"name":"Community Manager"}]},{"@type":"WebSite","@id":"https:\/\/www.soweb.io\/#website","url":"https:\/\/www.soweb.io\/","name":"Sowebio Strat\u00e9gie Digitale","description":"","publisher":{"@id":"https:\/\/www.soweb.io\/#organization"},"potentialAction":[{"@type":"SearchAction","target":{"@type":"EntryPoint","urlTemplate":"https:\/\/www.soweb.io\/?s={search_term_string}"},"query-input":{"@type":"PropertyValueSpecification","valueRequired":true,"valueName":"search_term_string"}}],"inLanguage":"en-GB"},{"@type":"Organization","@id":"https:\/\/www.soweb.io\/#organization","name":"Sowebio","url":"https:\/\/www.soweb.io\/","logo":{"@type":"ImageObject","inLanguage":"en-GB","@id":"https:\/\/www.soweb.io\/#\/schema\/logo\/image\/","url":"https:\/\/www.soweb.io\/wp-content\/uploads\/sow-sow-logo_sowebio_transparent-240x49web.png","contentUrl":"https:\/\/www.soweb.io\/wp-content\/uploads\/sow-sow-logo_sowebio_transparent-240x49web.png","width":240,"height":49,"caption":"Sowebio"},"image":{"@id":"https:\/\/www.soweb.io\/#\/schema\/logo\/image\/"}}]}},"_links":{"self":[{"href":"https:\/\/www.soweb.io\/en\/wp-json\/wp\/v2\/pages\/475","targetHints":{"allow":["GET"]}}],"collection":[{"href":"https:\/\/www.soweb.io\/en\/wp-json\/wp\/v2\/pages"}],"about":[{"href":"https:\/\/www.soweb.io\/en\/wp-json\/wp\/v2\/types\/page"}],"author":[{"embeddable":true,"href":"https:\/\/www.soweb.io\/en\/wp-json\/wp\/v2\/users\/2"}],"replies":[{"embeddable":true,"href":"https:\/\/www.soweb.io\/en\/wp-json\/wp\/v2\/comments?post=475"}],"version-history":[{"count":5,"href":"https:\/\/www.soweb.io\/en\/wp-json\/wp\/v2\/pages\/475\/revisions"}],"predecessor-version":[{"id":9506,"href":"https:\/\/www.soweb.io\/en\/wp-json\/wp\/v2\/pages\/475\/revisions\/9506"}],"wp:attachment":[{"href":"https:\/\/www.soweb.io\/en\/wp-json\/wp\/v2\/media?parent=475"}],"curies":[{"name":"wp","href":"https:\/\/api.w.org\/{rel}","templated":true}]}}