{"id":486,"date":"2020-02-10T11:50:04","date_gmt":"2020-02-10T10:50:04","guid":{"rendered":"https:\/\/www.soweb.io\/?page_id=486"},"modified":"2025-09-23T13:36:46","modified_gmt":"2025-09-23T12:36:46","slug":"noms-de-domaine","status":"publish","type":"page","link":"https:\/\/www.soweb.io\/en\/noms-de-domaine\/","title":{"rendered":"Nom de Domaine &#038; Email"},"content":{"rendered":"<div data-elementor-type=\"wp-page\" data-elementor-id=\"486\" class=\"elementor elementor-486\" data-elementor-post-type=\"page\">\n\t\t\t\t<div class=\"elementor-element elementor-element-6abe959 e-flex e-con-boxed e-con e-parent\" data-id=\"6abe959\" data-element_type=\"container\" data-e-type=\"container\" data-settings=\"{&quot;background_background&quot;:&quot;classic&quot;}\">\n\t\t\t\t\t<div class=\"e-con-inner\">\n\t\t<div class=\"elementor-element elementor-element-4d27c83 e-con-full e-flex e-con e-child\" data-id=\"4d27c83\" data-element_type=\"container\" data-e-type=\"container\">\n\t\t\t\t<div class=\"elementor-element elementor-element-dd523df elementor-widget elementor-widget-spacer\" data-id=\"dd523df\" data-element_type=\"widget\" data-e-type=\"widget\" data-widget_type=\"spacer.default\">\n\t\t\t\t<div class=\"elementor-widget-container\">\n\t\t\t\t\t\t\t<div class=\"elementor-spacer\">\n\t\t\t<div class=\"elementor-spacer-inner\"><\/div>\n\t\t<\/div>\n\t\t\t\t\t\t<\/div>\n\t\t\t\t<\/div>\n\t\t\t\t<div class=\"elementor-element elementor-element-f28f2cc elementor-widget elementor-widget-heading\" data-id=\"f28f2cc\" data-element_type=\"widget\" data-e-type=\"widget\" data-widget_type=\"heading.default\">\n\t\t\t\t<div class=\"elementor-widget-container\">\n\t\t\t\t\t<h1 class=\"elementor-heading-title elementor-size-default\">Domain Name &amp; Email<\/h1>\t\t\t\t<\/div>\n\t\t\t\t<\/div>\n\t\t\t\t<div class=\"elementor-element elementor-element-9b75796 elementor-widget elementor-widget-spacer\" data-id=\"9b75796\" data-element_type=\"widget\" data-e-type=\"widget\" data-widget_type=\"spacer.default\">\n\t\t\t\t<div class=\"elementor-widget-container\">\n\t\t\t\t\t\t\t<div class=\"elementor-spacer\">\n\t\t\t<div class=\"elementor-spacer-inner\"><\/div>\n\t\t<\/div>\n\t\t\t\t\t\t<\/div>\n\t\t\t\t<\/div>\n\t\t\t\t<\/div>\n\t\t\t\t\t<\/div>\n\t\t\t\t<\/div>\n\t\t<div class=\"elementor-element elementor-element-eb47bd0 e-flex e-con-boxed e-con e-parent\" data-id=\"eb47bd0\" data-element_type=\"container\" data-e-type=\"container\">\n\t\t\t\t\t<div class=\"e-con-inner\">\n\t\t<div class=\"elementor-element elementor-element-8ba6fbf e-con-full e-flex e-con e-child\" data-id=\"8ba6fbf\" data-element_type=\"container\" data-e-type=\"container\">\n\t\t\t\t<div class=\"elementor-element elementor-element-6af7da1 elementor-widget elementor-widget-spacer\" data-id=\"6af7da1\" data-element_type=\"widget\" data-e-type=\"widget\" data-widget_type=\"spacer.default\">\n\t\t\t\t<div class=\"elementor-widget-container\">\n\t\t\t\t\t\t\t<div class=\"elementor-spacer\">\n\t\t\t<div class=\"elementor-spacer-inner\"><\/div>\n\t\t<\/div>\n\t\t\t\t\t\t<\/div>\n\t\t\t\t<\/div>\n\t\t\t\t<\/div>\n\t\t\t\t\t<\/div>\n\t\t\t\t<\/div>\n\t\t<div class=\"elementor-element elementor-element-4cdad55 e-flex e-con-boxed e-con e-parent\" data-id=\"4cdad55\" data-element_type=\"container\" data-e-type=\"container\">\n\t\t\t\t\t<div class=\"e-con-inner\">\n\t\t<div class=\"elementor-element elementor-element-5990bcf e-con-full e-flex e-con e-child\" data-id=\"5990bcf\" data-element_type=\"container\" data-e-type=\"container\" data-settings=\"{&quot;background_background&quot;:&quot;classic&quot;}\">\n\t\t\t\t<div class=\"elementor-element elementor-element-e9e3d5f elementor-widget elementor-widget-text-editor\" data-id=\"e9e3d5f\" data-element_type=\"widget\" data-e-type=\"widget\" data-widget_type=\"text-editor.default\">\n\t\t\t\t<div class=\"elementor-widget-container\">\n\t\t\t\t\t\t\t\t\t<p class=\" translation-block\">In a nutshell, an internet address or <strong>domain name<\/strong> (DN) is your mailing address in the virtual space of the Web.<\/p><p class=\" translation-block\">This name is how your visitors, contacts, and customers find your website. Choosing the right <strong> domain name<\/strong> is the key to good digital communications. It should be easy to remember and not too long, especially for emails.<\/p><p class=\" translation-block\">We <strong> create your domain name,<\/strong> buy and <strong> renew it,<\/strong> make it anonymous to comply with the GDPR, <strong> protect it with DNSSEC<\/strong> authentication, configure the DNS, and create and renew the <strong> HTTPS certificate.<\/strong><\/p>\t\t\t\t\t\t\t\t<\/div>\n\t\t\t\t<\/div>\n\t\t\t\t<\/div>\n\t\t<div class=\"elementor-element elementor-element-f9c0dc9 e-con-full e-flex e-con e-child\" data-id=\"f9c0dc9\" data-element_type=\"container\" data-e-type=\"container\" data-settings=\"{&quot;background_background&quot;:&quot;classic&quot;}\">\n\t\t\t\t<div class=\"elementor-element elementor-element-7f1190d elementor-widget elementor-widget-image\" data-id=\"7f1190d\" data-element_type=\"widget\" data-e-type=\"widget\" data-widget_type=\"image.default\">\n\t\t\t\t<div class=\"elementor-widget-container\">\n\t\t\t\t\t\t\t\t\t\t\t\t\t\t\t<img fetchpriority=\"high\" decoding=\"async\" width=\"768\" height=\"434\" src=\"https:\/\/www.soweb.io\/wp-content\/uploads\/computer-2.png\" class=\"attachment-medium_large size-medium_large wp-image-4997\" alt=\"nom de domaine\" \/>\t\t\t\t\t\t\t\t\t\t\t\t\t\t\t<\/div>\n\t\t\t\t<\/div>\n\t\t\t\t<div class=\"elementor-element elementor-element-58b08fb elementor-widget elementor-widget-heading\" data-id=\"58b08fb\" data-element_type=\"widget\" data-e-type=\"widget\" data-widget_type=\"heading.default\">\n\t\t\t\t<div class=\"elementor-widget-container\">\n\t\t\t\t\t<h2 class=\"elementor-heading-title elementor-size-default\">Domain name<\/h2>\t\t\t\t<\/div>\n\t\t\t\t<\/div>\n\t\t\t\t<\/div>\n\t\t\t\t\t<\/div>\n\t\t\t\t<\/div>\n\t\t<div class=\"elementor-element elementor-element-8170e54 e-flex e-con-boxed e-con e-parent\" data-id=\"8170e54\" data-element_type=\"container\" data-e-type=\"container\">\n\t\t\t\t\t<div class=\"e-con-inner\">\n\t\t<div class=\"elementor-element elementor-element-05ed7fb e-con-full e-flex e-con e-child\" data-id=\"05ed7fb\" data-element_type=\"container\" data-e-type=\"container\" data-settings=\"{&quot;background_background&quot;:&quot;classic&quot;}\">\n\t\t\t\t<div class=\"elementor-element elementor-element-5f8e49b elementor-widget elementor-widget-image\" data-id=\"5f8e49b\" data-element_type=\"widget\" data-e-type=\"widget\" data-widget_type=\"image.default\">\n\t\t\t\t<div class=\"elementor-widget-container\">\n\t\t\t\t\t\t\t\t\t\t\t\t\t\t\t<img decoding=\"async\" width=\"768\" height=\"603\" src=\"https:\/\/www.soweb.io\/wp-content\/uploads\/mail.png\" class=\"attachment-medium_large size-medium_large wp-image-4998\" alt=\"nom de domaine\" \/>\t\t\t\t\t\t\t\t\t\t\t\t\t\t\t<\/div>\n\t\t\t\t<\/div>\n\t\t\t\t<\/div>\n\t\t<div class=\"elementor-element elementor-element-15e4709 e-con-full e-flex e-con e-child\" data-id=\"15e4709\" data-element_type=\"container\" data-e-type=\"container\" data-settings=\"{&quot;background_background&quot;:&quot;classic&quot;}\">\n\t\t\t\t<div class=\"elementor-element elementor-element-39432ee elementor-widget elementor-widget-heading\" data-id=\"39432ee\" data-element_type=\"widget\" data-e-type=\"widget\" data-widget_type=\"heading.default\">\n\t\t\t\t<div class=\"elementor-widget-container\">\n\t\t\t\t\t<h2 class=\"elementor-heading-title elementor-size-default\">Email<\/h2>\t\t\t\t<\/div>\n\t\t\t\t<\/div>\n\t\t\t\t<div class=\"elementor-element elementor-element-e193fd9 elementor-widget elementor-widget-text-editor\" data-id=\"e193fd9\" data-element_type=\"widget\" data-e-type=\"widget\" data-widget_type=\"text-editor.default\">\n\t\t\t\t<div class=\"elementor-widget-container\">\n\t\t\t\t\t\t\t\t\t<p class=\" translation-block\">An <strong>email<\/strong> with your domain name is a hallmark of a professional operation.<\/p><p class=\" translation-block\">We provide <strong>email inboxes<\/strong> that include antispam and <strong>IMAP services<\/strong> plus 5 GB of storage (or more if needed). They also <strong>sync between your computer and smartphone,<\/strong> and the user-server link is encrypted. You get universal webmail access from any computer or smartphone.<\/p><p class=\" translation-block\">Our solution <strong>complies<\/strong>  with the <strong>GDPR<\/strong>  in Europe and protects your US \u00abPatriot Act\u00bb exchanges.<\/p><p>Our services include:<\/p><ul><li class=\" translation-block\">Installing and configuring the <a href=\"https:\/\/en.wikipedia.org\/wiki\/K-9_Mail\" target=\"_blank\" rel=\"noopener\">free email software K9<\/a> on your Android smartphone<\/li><li class=\" translation-block\">Redirection to help sort emails. <br>For example, the address \u201caccounting@mydomain.com\u201d will be redirected to \u201ccontact@mydomain.com\u201d.<\/li><\/ul><div class=\" translation-block\">Upon request, Sowebio can also install Thunderbird free mail software on your computer.<\/div>\t\t\t\t\t\t\t\t<\/div>\n\t\t\t\t<\/div>\n\t\t\t\t<\/div>\n\t\t\t\t\t<\/div>\n\t\t\t\t<\/div>\n\t\t<div class=\"elementor-element elementor-element-b79c0cd e-flex e-con-boxed e-con e-parent\" data-id=\"b79c0cd\" data-element_type=\"container\" data-e-type=\"container\">\n\t\t\t\t\t<div class=\"e-con-inner\">\n\t\t<div class=\"elementor-element elementor-element-55f0460 e-con-full e-flex e-con e-child\" data-id=\"55f0460\" data-element_type=\"container\" data-e-type=\"container\">\n\t\t\t\t<div class=\"elementor-element elementor-element-f228622 elementor-widget elementor-widget-spacer\" data-id=\"f228622\" data-element_type=\"widget\" data-e-type=\"widget\" data-widget_type=\"spacer.default\">\n\t\t\t\t<div class=\"elementor-widget-container\">\n\t\t\t\t\t\t\t<div class=\"elementor-spacer\">\n\t\t\t<div class=\"elementor-spacer-inner\"><\/div>\n\t\t<\/div>\n\t\t\t\t\t\t<\/div>\n\t\t\t\t<\/div>\n\t\t\t\t<\/div>\n\t\t\t\t\t<\/div>\n\t\t\t\t<\/div>\n\t\t<div class=\"elementor-element elementor-element-5f3bc3f e-flex e-con-boxed e-con e-parent\" data-id=\"5f3bc3f\" data-element_type=\"container\" data-e-type=\"container\">\n\t\t\t\t\t<div class=\"e-con-inner\">\n\t\t<div class=\"elementor-element elementor-element-34a4713 e-con-full e-flex e-con e-child\" data-id=\"34a4713\" data-element_type=\"container\" data-e-type=\"container\">\n\t\t\t\t<div class=\"elementor-element elementor-element-cddd7b4 elementor-align-center elementor-widget elementor-widget-button\" data-id=\"cddd7b4\" data-element_type=\"widget\" data-e-type=\"widget\" data-widget_type=\"button.default\">\n\t\t\t\t<div class=\"elementor-widget-container\">\n\t\t\t\t\t\t\t\t\t<div class=\"elementor-button-wrapper\">\n\t\t\t\t\t<a class=\"elementor-button elementor-button-link elementor-size-sm\" href=\"https:\/\/www.soweb.io\/contact\">\n\t\t\t\t\t\t<span class=\"elementor-button-content-wrapper\">\n\t\t\t\t\t\t<span class=\"elementor-button-icon\">\n\t\t\t\t<i aria-hidden=\"true\" class=\"far fa-id-card\"><\/i>\t\t\t<\/span>\n\t\t\t\t\t\t\t\t\t<span class=\"elementor-button-text\">Contact us for your project!<\/span>\n\t\t\t\t\t<\/span>\n\t\t\t\t\t<\/a>\n\t\t\t\t<\/div>\n\t\t\t\t\t\t\t\t<\/div>\n\t\t\t\t<\/div>\n\t\t\t\t<\/div>\n\t\t\t\t\t<\/div>\n\t\t\t\t<\/div>\n\t\t\t\t<\/div>","protected":false},"excerpt":{"rendered":"<p>Nom de Domaine &amp; Email Pour simplifier, une adresse internet ou nom de domaine (NDD) est l&rsquo;\u00e9quivalent de votre adresse postale, mais dans l&rsquo;espace virtuel du web. Gr\u00e2ce \u00e0 ce nom, vos visiteurs, contacts ou clients vont trouver votre site web. Le choix du nom de domaine est essentiel pour une bonne communication num\u00e9rique. Il [&hellip;]<\/p>","protected":false},"author":2,"featured_media":0,"parent":0,"menu_order":0,"comment_status":"closed","ping_status":"closed","template":"","meta":{"footnotes":""},"class_list":["post-486","page","type-page","status-publish","hentry"],"yoast_head":"<!-- This site is optimized with the Yoast SEO plugin v25.0 - https:\/\/yoast.com\/wordpress\/plugins\/seo\/ -->\n<title>Nom de Domaine &amp; Email - Sowebio Strat\u00e9gie Digitale<\/title>\n<meta name=\"description\" content=\"Nous assurons la cr\u00e9ation de votre nom de domaine et de son renouvellement avec certificat HTTPS. Choisir un email \u00e0 votre NDD est une marque distinctive.\" \/>\n<meta name=\"robots\" content=\"index, follow, max-snippet:-1, max-image-preview:large, max-video-preview:-1\" \/>\n<link rel=\"canonical\" href=\"https:\/\/www.soweb.io\/en\/noms-de-domaine\/\" \/>\n<meta property=\"og:locale\" content=\"en_GB\" \/>\n<meta property=\"og:type\" content=\"article\" \/>\n<meta property=\"og:title\" content=\"Nom de Domaine &amp; Email - Sowebio Strat\u00e9gie Digitale\" \/>\n<meta property=\"og:description\" content=\"Nous assurons la cr\u00e9ation de votre nom de domaine et de son renouvellement avec certificat HTTPS. Choisir un email \u00e0 votre NDD est une marque distinctive.\" \/>\n<meta property=\"og:url\" content=\"https:\/\/www.soweb.io\/en\/noms-de-domaine\/\" \/>\n<meta property=\"og:site_name\" content=\"Sowebio Strat\u00e9gie Digitale\" \/>\n<meta property=\"article:modified_time\" content=\"2025-09-23T12:36:46+00:00\" \/>\n<meta property=\"og:image\" content=\"https:\/\/www.soweb.io\/wp-content\/uploads\/computer-2.png\" \/>\n\t<meta property=\"og:image:width\" content=\"1410\" \/>\n\t<meta property=\"og:image:height\" content=\"796\" \/>\n\t<meta property=\"og:image:type\" content=\"image\/png\" \/>\n<meta name=\"twitter:card\" content=\"summary_large_image\" \/>\n<meta name=\"twitter:label1\" content=\"Estimated reading time\" \/>\n\t<meta name=\"twitter:data1\" content=\"2 minutes\" \/>\n<script type=\"application\/ld+json\" class=\"yoast-schema-graph\">{\"@context\":\"https:\/\/schema.org\",\"@graph\":[{\"@type\":\"WebPage\",\"@id\":\"https:\/\/www.soweb.io\/noms-de-domaine\/\",\"url\":\"https:\/\/www.soweb.io\/noms-de-domaine\/\",\"name\":\"Nom de Domaine & Email - Sowebio Strat\u00e9gie Digitale\",\"isPartOf\":{\"@id\":\"https:\/\/www.soweb.io\/#website\"},\"primaryImageOfPage\":{\"@id\":\"https:\/\/www.soweb.io\/noms-de-domaine\/#primaryimage\"},\"image\":{\"@id\":\"https:\/\/www.soweb.io\/noms-de-domaine\/#primaryimage\"},\"thumbnailUrl\":\"https:\/\/www.soweb.io\/wp-content\/uploads\/computer-2.png\",\"datePublished\":\"2020-02-10T10:50:04+00:00\",\"dateModified\":\"2025-09-23T12:36:46+00:00\",\"description\":\"Nous assurons la cr\u00e9ation de votre nom de domaine et de son renouvellement avec certificat HTTPS. Choisir un email \u00e0 votre NDD est une marque distinctive.\",\"breadcrumb\":{\"@id\":\"https:\/\/www.soweb.io\/noms-de-domaine\/#breadcrumb\"},\"inLanguage\":\"en-GB\",\"potentialAction\":[{\"@type\":\"ReadAction\",\"target\":[\"https:\/\/www.soweb.io\/noms-de-domaine\/\"]}]},{\"@type\":\"ImageObject\",\"inLanguage\":\"en-GB\",\"@id\":\"https:\/\/www.soweb.io\/noms-de-domaine\/#primaryimage\",\"url\":\"https:\/\/www.soweb.io\/wp-content\/uploads\/computer-2.png\",\"contentUrl\":\"https:\/\/www.soweb.io\/wp-content\/uploads\/computer-2.png\"},{\"@type\":\"BreadcrumbList\",\"@id\":\"https:\/\/www.soweb.io\/noms-de-domaine\/#breadcrumb\",\"itemListElement\":[{\"@type\":\"ListItem\",\"position\":1,\"name\":\"Home\",\"item\":\"https:\/\/www.soweb.io\/\"},{\"@type\":\"ListItem\",\"position\":2,\"name\":\"Nom de Domaine &#038; Email\"}]},{\"@type\":\"WebSite\",\"@id\":\"https:\/\/www.soweb.io\/#website\",\"url\":\"https:\/\/www.soweb.io\/\",\"name\":\"Sowebio Strat\u00e9gie Digitale\",\"description\":\"\",\"publisher\":{\"@id\":\"https:\/\/www.soweb.io\/#organization\"},\"potentialAction\":[{\"@type\":\"SearchAction\",\"target\":{\"@type\":\"EntryPoint\",\"urlTemplate\":\"https:\/\/www.soweb.io\/?s={search_term_string}\"},\"query-input\":{\"@type\":\"PropertyValueSpecification\",\"valueRequired\":true,\"valueName\":\"search_term_string\"}}],\"inLanguage\":\"en-GB\"},{\"@type\":\"Organization\",\"@id\":\"https:\/\/www.soweb.io\/#organization\",\"name\":\"Sowebio\",\"url\":\"https:\/\/www.soweb.io\/\",\"logo\":{\"@type\":\"ImageObject\",\"inLanguage\":\"en-GB\",\"@id\":\"https:\/\/www.soweb.io\/#\/schema\/logo\/image\/\",\"url\":\"https:\/\/www.soweb.io\/wp-content\/uploads\/sow-sow-logo_sowebio_transparent-240x49web.png\",\"contentUrl\":\"https:\/\/www.soweb.io\/wp-content\/uploads\/sow-sow-logo_sowebio_transparent-240x49web.png\",\"width\":240,\"height\":49,\"caption\":\"Sowebio\"},\"image\":{\"@id\":\"https:\/\/www.soweb.io\/#\/schema\/logo\/image\/\"}}]}<\/script>\n<!-- \/ Yoast SEO plugin. -->","yoast_head_json":{"title":"Nom de Domaine & Email - Sowebio Strat\u00e9gie Digitale","description":"Nous assurons la cr\u00e9ation de votre nom de domaine et de son renouvellement avec certificat HTTPS. Choisir un email \u00e0 votre NDD est une marque distinctive.","robots":{"index":"index","follow":"follow","max-snippet":"max-snippet:-1","max-image-preview":"max-image-preview:large","max-video-preview":"max-video-preview:-1"},"canonical":"https:\/\/www.soweb.io\/en\/noms-de-domaine\/","og_locale":"en_GB","og_type":"article","og_title":"Nom de Domaine & Email - Sowebio Strat\u00e9gie Digitale","og_description":"Nous assurons la cr\u00e9ation de votre nom de domaine et de son renouvellement avec certificat HTTPS. Choisir un email \u00e0 votre NDD est une marque distinctive.","og_url":"https:\/\/www.soweb.io\/en\/noms-de-domaine\/","og_site_name":"Sowebio Strat\u00e9gie Digitale","article_modified_time":"2025-09-23T12:36:46+00:00","og_image":[{"width":1410,"height":796,"url":"https:\/\/www.soweb.io\/wp-content\/uploads\/computer-2.png","type":"image\/png"}],"twitter_card":"summary_large_image","twitter_misc":{"Estimated reading time":"2 minutes"},"schema":{"@context":"https:\/\/schema.org","@graph":[{"@type":"WebPage","@id":"https:\/\/www.soweb.io\/noms-de-domaine\/","url":"https:\/\/www.soweb.io\/noms-de-domaine\/","name":"Nom de Domaine & Email - Sowebio Strat\u00e9gie Digitale","isPartOf":{"@id":"https:\/\/www.soweb.io\/#website"},"primaryImageOfPage":{"@id":"https:\/\/www.soweb.io\/noms-de-domaine\/#primaryimage"},"image":{"@id":"https:\/\/www.soweb.io\/noms-de-domaine\/#primaryimage"},"thumbnailUrl":"https:\/\/www.soweb.io\/wp-content\/uploads\/computer-2.png","datePublished":"2020-02-10T10:50:04+00:00","dateModified":"2025-09-23T12:36:46+00:00","description":"Nous assurons la cr\u00e9ation de votre nom de domaine et de son renouvellement avec certificat HTTPS. Choisir un email \u00e0 votre NDD est une marque distinctive.","breadcrumb":{"@id":"https:\/\/www.soweb.io\/noms-de-domaine\/#breadcrumb"},"inLanguage":"en-GB","potentialAction":[{"@type":"ReadAction","target":["https:\/\/www.soweb.io\/noms-de-domaine\/"]}]},{"@type":"ImageObject","inLanguage":"en-GB","@id":"https:\/\/www.soweb.io\/noms-de-domaine\/#primaryimage","url":"https:\/\/www.soweb.io\/wp-content\/uploads\/computer-2.png","contentUrl":"https:\/\/www.soweb.io\/wp-content\/uploads\/computer-2.png"},{"@type":"BreadcrumbList","@id":"https:\/\/www.soweb.io\/noms-de-domaine\/#breadcrumb","itemListElement":[{"@type":"ListItem","position":1,"name":"Home","item":"https:\/\/www.soweb.io\/"},{"@type":"ListItem","position":2,"name":"Nom de Domaine &#038; Email"}]},{"@type":"WebSite","@id":"https:\/\/www.soweb.io\/#website","url":"https:\/\/www.soweb.io\/","name":"Sowebio Strat\u00e9gie Digitale","description":"","publisher":{"@id":"https:\/\/www.soweb.io\/#organization"},"potentialAction":[{"@type":"SearchAction","target":{"@type":"EntryPoint","urlTemplate":"https:\/\/www.soweb.io\/?s={search_term_string}"},"query-input":{"@type":"PropertyValueSpecification","valueRequired":true,"valueName":"search_term_string"}}],"inLanguage":"en-GB"},{"@type":"Organization","@id":"https:\/\/www.soweb.io\/#organization","name":"Sowebio","url":"https:\/\/www.soweb.io\/","logo":{"@type":"ImageObject","inLanguage":"en-GB","@id":"https:\/\/www.soweb.io\/#\/schema\/logo\/image\/","url":"https:\/\/www.soweb.io\/wp-content\/uploads\/sow-sow-logo_sowebio_transparent-240x49web.png","contentUrl":"https:\/\/www.soweb.io\/wp-content\/uploads\/sow-sow-logo_sowebio_transparent-240x49web.png","width":240,"height":49,"caption":"Sowebio"},"image":{"@id":"https:\/\/www.soweb.io\/#\/schema\/logo\/image\/"}}]}},"_links":{"self":[{"href":"https:\/\/www.soweb.io\/en\/wp-json\/wp\/v2\/pages\/486","targetHints":{"allow":["GET"]}}],"collection":[{"href":"https:\/\/www.soweb.io\/en\/wp-json\/wp\/v2\/pages"}],"about":[{"href":"https:\/\/www.soweb.io\/en\/wp-json\/wp\/v2\/types\/page"}],"author":[{"embeddable":true,"href":"https:\/\/www.soweb.io\/en\/wp-json\/wp\/v2\/users\/2"}],"replies":[{"embeddable":true,"href":"https:\/\/www.soweb.io\/en\/wp-json\/wp\/v2\/comments?post=486"}],"version-history":[{"count":5,"href":"https:\/\/www.soweb.io\/en\/wp-json\/wp\/v2\/pages\/486\/revisions"}],"predecessor-version":[{"id":9487,"href":"https:\/\/www.soweb.io\/en\/wp-json\/wp\/v2\/pages\/486\/revisions\/9487"}],"wp:attachment":[{"href":"https:\/\/www.soweb.io\/en\/wp-json\/wp\/v2\/media?parent=486"}],"curies":[{"name":"wp","href":"https:\/\/api.w.org\/{rel}","templated":true}]}}