{"id":9978,"date":"2025-10-14T14:42:44","date_gmt":"2025-10-14T13:42:44","guid":{"rendered":"https:\/\/www.soweb.io\/?page_id=9978"},"modified":"2025-10-16T09:17:34","modified_gmt":"2025-10-16T08:17:34","slug":"inscription-newsletter","status":"publish","type":"page","link":"https:\/\/www.soweb.io\/en\/inscription-newsletter\/","title":{"rendered":"Inscription Newsletter"},"content":{"rendered":"<div data-elementor-type=\"wp-page\" data-elementor-id=\"9978\" class=\"elementor elementor-9978\" data-elementor-post-type=\"page\">\n\t\t\t\t<div class=\"elementor-element elementor-element-f653899 e-flex e-con-boxed e-con e-parent\" data-id=\"f653899\" data-element_type=\"container\" data-e-type=\"container\">\n\t\t\t\t\t<div class=\"e-con-inner\">\n\t\t\t\t<div class=\"elementor-element elementor-element-03d6301 elementor-widget elementor-widget-spacer\" data-id=\"03d6301\" data-element_type=\"widget\" data-e-type=\"widget\" data-widget_type=\"spacer.default\">\n\t\t\t\t<div class=\"elementor-widget-container\">\n\t\t\t\t\t\t\t<div class=\"elementor-spacer\">\n\t\t\t<div class=\"elementor-spacer-inner\"><\/div>\n\t\t<\/div>\n\t\t\t\t\t\t<\/div>\n\t\t\t\t<\/div>\n\t\t\t\t\t<\/div>\n\t\t\t\t<\/div>\n\t\t<div class=\"elementor-element elementor-element-2a70435 e-flex e-con-boxed e-con e-parent\" data-id=\"2a70435\" data-element_type=\"container\" data-e-type=\"container\" data-settings=\"{&quot;background_background&quot;:&quot;classic&quot;}\">\n\t\t\t\t\t<div class=\"e-con-inner\">\n\t\t<div class=\"elementor-element elementor-element-30078b0 e-con-full e-flex e-con e-child\" data-id=\"30078b0\" data-element_type=\"container\" data-e-type=\"container\">\n\t\t\t\t<div class=\"elementor-element elementor-element-c9b95c2 elementor-widget elementor-widget-heading\" data-id=\"c9b95c2\" data-element_type=\"widget\" data-e-type=\"widget\" data-widget_type=\"heading.default\">\n\t\t\t\t<div class=\"elementor-widget-container\">\n\t\t\t\t\t<h1 class=\"elementor-heading-title elementor-size-default\">Inscription \u00e0 la Newsletter<\/h1>\t\t\t\t<\/div>\n\t\t\t\t<\/div>\n\t\t\t\t<\/div>\n\t\t\t\t\t<\/div>\n\t\t\t\t<\/div>\n\t\t<div class=\"elementor-element elementor-element-4207b43 e-flex e-con-boxed e-con e-parent\" data-id=\"4207b43\" data-element_type=\"container\" data-e-type=\"container\">\n\t\t\t\t\t<div class=\"e-con-inner\">\n\t\t\t\t<div class=\"elementor-element elementor-element-a7c9c99 elementor-widget elementor-widget-spacer\" data-id=\"a7c9c99\" data-element_type=\"widget\" data-e-type=\"widget\" data-widget_type=\"spacer.default\">\n\t\t\t\t<div class=\"elementor-widget-container\">\n\t\t\t\t\t\t\t<div class=\"elementor-spacer\">\n\t\t\t<div class=\"elementor-spacer-inner\"><\/div>\n\t\t<\/div>\n\t\t\t\t\t\t<\/div>\n\t\t\t\t<\/div>\n\t\t\t\t<div class=\"elementor-element elementor-element-eaa50f6 elementor-widget elementor-widget-text-editor\" data-id=\"eaa50f6\" data-element_type=\"widget\" data-e-type=\"widget\" data-widget_type=\"text-editor.default\">\n\t\t\t\t<div class=\"elementor-widget-container\">\n\t\t\t\t\t\t\t\t\t<p>Nous serions honor\u00e9s de vous compter parmi nos lecteurs.<\/p><p>Vous pouvez vous inscrire \u00e0 la Newsletter de Sowebio gr\u00e2ce au formulaire ci-dessous.<\/p><p>Nous esp\u00e9rons que vous porterez int\u00e9r\u00eat aux informations diffus\u00e9es et restons \u00e0 l\u2019\u00e9coute de vos suggestions et de toutes autres demandes sp\u00e9cifiques.<\/p><p>Nous garantissons la confidentialit\u00e9 de vos donn\u00e9es. L\u2019usage de votre email et de vos coordonn\u00e9es sera strictement limit\u00e9 \u00e0 l\u2019envoi de notre Newsletter. Vous pourrez vous d\u00e9sinscrire d\u00e9finitivement gr\u00e2ce au lien pr\u00e9vu dans chacune de nos Newsletter.<\/p>\t\t\t\t\t\t\t\t<\/div>\n\t\t\t\t<\/div>\n\t\t\t\t<div class=\"elementor-element elementor-element-3eb8a5e elementor-widget elementor-widget-shortcode\" data-id=\"3eb8a5e\" data-element_type=\"widget\" data-e-type=\"widget\" data-widget_type=\"shortcode.default\">\n\t\t\t\t<div class=\"elementor-widget-container\">\n\t\t\t\t\t\t\t<div class=\"elementor-shortcode\">\n<div class=\"wpcf7 no-js\" id=\"wpcf7-f9977-o1\" lang=\"fr-FR\" dir=\"ltr\" data-wpcf7-id=\"9977\">\n<div class=\"screen-reader-response\"><p role=\"status\" aria-live=\"polite\" aria-atomic=\"true\"><\/p> <ul><\/ul><\/div>\n<form action=\"\/en\/wp-json\/wp\/v2\/pages\/9978#wpcf7-f9977-o1\" method=\"post\" class=\"wpcf7-form init\" aria-label=\"Formulaire de contact\" novalidate=\"novalidate\" data-status=\"init\" data-trp-original-action=\"\/en\/wp-json\/wp\/v2\/pages\/9978#wpcf7-f9977-o1\">\n<div style=\"display: none;\">\n<input type=\"hidden\" name=\"_wpcf7\" value=\"9977\" \/>\n<input type=\"hidden\" name=\"_wpcf7_version\" value=\"6.0.6\" \/>\n<input type=\"hidden\" name=\"_wpcf7_locale\" value=\"fr_FR\" \/>\n<input type=\"hidden\" name=\"_wpcf7_unit_tag\" value=\"wpcf7-f9977-o1\" \/>\n<input type=\"hidden\" name=\"_wpcf7_container_post\" value=\"0\" \/>\n<input type=\"hidden\" name=\"_wpcf7_posted_data_hash\" value=\"\" \/>\n<\/div>\n<p><label> Nom et pr\u00e9nom<a style=\"color:red\">*<\/a> <span class=\"wpcf7-form-control-wrap\" data-name=\"your-name\"><input size=\"40\" maxlength=\"400\" class=\"wpcf7-form-control wpcf7-text wpcf7-validates-as-required\" aria-required=\"true\" aria-invalid=\"false\" value=\"\" type=\"text\" name=\"your-name\" \/><\/span> <\/label>\n<\/p>\n<p><label> Company <span class=\"wpcf7-form-control-wrap\" data-name=\"your-company\"><input size=\"40\" maxlength=\"400\" class=\"wpcf7-form-control wpcf7-text\" aria-invalid=\"false\" value=\"\" type=\"text\" name=\"your-company\" \/><\/span> <\/label>\n<\/p>\n<p><label> Email <a style=\"color:red\">*<\/a> <span class=\"wpcf7-form-control-wrap\" data-name=\"your-email\"><input size=\"40\" maxlength=\"400\" class=\"wpcf7-form-control wpcf7-email wpcf7-validates-as-required wpcf7-text wpcf7-validates-as-email\" aria-required=\"true\" aria-invalid=\"false\" value=\"\" type=\"email\" name=\"your-email\" \/><\/span> <\/label>\n<\/p>\n<p><label> <a style=\"color:red\">*<\/a>Required <\/label>\n<\/p>\n<p><span class=\"wpcf7-form-control-wrap\" data-name=\"your-gdpr\"><span class=\"wpcf7-form-control wpcf7-acceptance\"><span class=\"wpcf7-list-item\"><label class=\" translation-block\">I agree to the website <a href=\"https:\/\/www.soweb.io\/confidentialite\" target=\"_blank\">privacy policy.<\/a><\/label><\/span><\/span><\/span>\n<\/p>\n<p><span id=\"ai1ic-isBCp\" data-toggle=\"\" class=\"cf7ic-loader\">Loading...<\/span>\n<\/p>\n<p><input class=\"wpcf7-form-control wpcf7-submit has-spinner\" type=\"submit\" value=\"Send\" \/>\n<\/p><div class=\"wpcf7-response-output\" aria-hidden=\"true\"><\/div>\n<input type=\"hidden\" name=\"trp-form-language\" value=\"en\"\/><\/form>\n<\/div>\n<\/div>\n\t\t\t\t\t\t<\/div>\n\t\t\t\t<\/div>\n\t\t\t\t\t<\/div>\n\t\t\t\t<\/div>\n\t\t\t\t<\/div>","protected":false},"excerpt":{"rendered":"<p>Inscription \u00e0 la Newsletter Nous serions honor\u00e9s de vous compter parmi nos lecteurs. Vous pouvez vous inscrire \u00e0 la Newsletter de Sowebio gr\u00e2ce au formulaire ci-dessous. Nous esp\u00e9rons que vous porterez int\u00e9r\u00eat aux informations diffus\u00e9es et restons \u00e0 l\u2019\u00e9coute de vos suggestions et de toutes autres demandes sp\u00e9cifiques. Nous garantissons la confidentialit\u00e9 de vos donn\u00e9es. [&hellip;]<\/p>","protected":false},"author":5,"featured_media":0,"parent":0,"menu_order":0,"comment_status":"closed","ping_status":"closed","template":"","meta":{"footnotes":""},"class_list":["post-9978","page","type-page","status-publish","hentry"],"yoast_head":"<!-- This site is optimized with the Yoast SEO plugin v25.0 - https:\/\/yoast.com\/wordpress\/plugins\/seo\/ -->\n<title>Inscription Newsletter - Sowebio Strat\u00e9gie Digitale<\/title>\n<meta name=\"robots\" content=\"index, follow, max-snippet:-1, max-image-preview:large, max-video-preview:-1\" \/>\n<link rel=\"canonical\" href=\"https:\/\/www.soweb.io\/en\/inscription-newsletter\/\" \/>\n<meta property=\"og:locale\" content=\"en_GB\" \/>\n<meta property=\"og:type\" content=\"article\" \/>\n<meta property=\"og:title\" content=\"Inscription Newsletter - Sowebio Strat\u00e9gie Digitale\" \/>\n<meta property=\"og:description\" content=\"Inscription \u00e0 la Newsletter Nous serions honor\u00e9s de vous compter parmi nos lecteurs. Vous pouvez vous inscrire \u00e0 la Newsletter de Sowebio gr\u00e2ce au formulaire ci-dessous. Nous esp\u00e9rons que vous porterez int\u00e9r\u00eat aux informations diffus\u00e9es et restons \u00e0 l\u2019\u00e9coute de vos suggestions et de toutes autres demandes sp\u00e9cifiques. Nous garantissons la confidentialit\u00e9 de vos donn\u00e9es. [&hellip;]\" \/>\n<meta property=\"og:url\" content=\"https:\/\/www.soweb.io\/en\/inscription-newsletter\/\" \/>\n<meta property=\"og:site_name\" content=\"Sowebio Strat\u00e9gie Digitale\" \/>\n<meta property=\"article:modified_time\" content=\"2025-10-16T08:17:34+00:00\" \/>\n<meta name=\"twitter:card\" content=\"summary_large_image\" \/>\n<meta name=\"twitter:label1\" content=\"Estimated reading time\" \/>\n\t<meta name=\"twitter:data1\" content=\"3 minutes\" \/>\n<script type=\"application\/ld+json\" class=\"yoast-schema-graph\">{\"@context\":\"https:\/\/schema.org\",\"@graph\":[{\"@type\":\"WebPage\",\"@id\":\"https:\/\/www.soweb.io\/inscription-newsletter\/\",\"url\":\"https:\/\/www.soweb.io\/inscription-newsletter\/\",\"name\":\"Inscription Newsletter - Sowebio Strat\u00e9gie Digitale\",\"isPartOf\":{\"@id\":\"https:\/\/www.soweb.io\/#website\"},\"datePublished\":\"2025-10-14T13:42:44+00:00\",\"dateModified\":\"2025-10-16T08:17:34+00:00\",\"breadcrumb\":{\"@id\":\"https:\/\/www.soweb.io\/inscription-newsletter\/#breadcrumb\"},\"inLanguage\":\"en-GB\",\"potentialAction\":[{\"@type\":\"ReadAction\",\"target\":[\"https:\/\/www.soweb.io\/inscription-newsletter\/\"]}]},{\"@type\":\"BreadcrumbList\",\"@id\":\"https:\/\/www.soweb.io\/inscription-newsletter\/#breadcrumb\",\"itemListElement\":[{\"@type\":\"ListItem\",\"position\":1,\"name\":\"Home\",\"item\":\"https:\/\/www.soweb.io\/\"},{\"@type\":\"ListItem\",\"position\":2,\"name\":\"Inscription Newsletter\"}]},{\"@type\":\"WebSite\",\"@id\":\"https:\/\/www.soweb.io\/#website\",\"url\":\"https:\/\/www.soweb.io\/\",\"name\":\"Sowebio Strat\u00e9gie Digitale\",\"description\":\"\",\"publisher\":{\"@id\":\"https:\/\/www.soweb.io\/#organization\"},\"potentialAction\":[{\"@type\":\"SearchAction\",\"target\":{\"@type\":\"EntryPoint\",\"urlTemplate\":\"https:\/\/www.soweb.io\/?s={search_term_string}\"},\"query-input\":{\"@type\":\"PropertyValueSpecification\",\"valueRequired\":true,\"valueName\":\"search_term_string\"}}],\"inLanguage\":\"en-GB\"},{\"@type\":\"Organization\",\"@id\":\"https:\/\/www.soweb.io\/#organization\",\"name\":\"Sowebio\",\"url\":\"https:\/\/www.soweb.io\/\",\"logo\":{\"@type\":\"ImageObject\",\"inLanguage\":\"en-GB\",\"@id\":\"https:\/\/www.soweb.io\/#\/schema\/logo\/image\/\",\"url\":\"https:\/\/www.soweb.io\/wp-content\/uploads\/sow-sow-logo_sowebio_transparent-240x49web.png\",\"contentUrl\":\"https:\/\/www.soweb.io\/wp-content\/uploads\/sow-sow-logo_sowebio_transparent-240x49web.png\",\"width\":240,\"height\":49,\"caption\":\"Sowebio\"},\"image\":{\"@id\":\"https:\/\/www.soweb.io\/#\/schema\/logo\/image\/\"}}]}<\/script>\n<!-- \/ Yoast SEO plugin. -->","yoast_head_json":{"title":"Inscription Newsletter - Sowebio Strat\u00e9gie Digitale","robots":{"index":"index","follow":"follow","max-snippet":"max-snippet:-1","max-image-preview":"max-image-preview:large","max-video-preview":"max-video-preview:-1"},"canonical":"https:\/\/www.soweb.io\/en\/inscription-newsletter\/","og_locale":"en_GB","og_type":"article","og_title":"Inscription Newsletter - Sowebio Strat\u00e9gie Digitale","og_description":"Inscription \u00e0 la Newsletter Nous serions honor\u00e9s de vous compter parmi nos lecteurs. Vous pouvez vous inscrire \u00e0 la Newsletter de Sowebio gr\u00e2ce au formulaire ci-dessous. Nous esp\u00e9rons que vous porterez int\u00e9r\u00eat aux informations diffus\u00e9es et restons \u00e0 l\u2019\u00e9coute de vos suggestions et de toutes autres demandes sp\u00e9cifiques. Nous garantissons la confidentialit\u00e9 de vos donn\u00e9es. [&hellip;]","og_url":"https:\/\/www.soweb.io\/en\/inscription-newsletter\/","og_site_name":"Sowebio Strat\u00e9gie Digitale","article_modified_time":"2025-10-16T08:17:34+00:00","twitter_card":"summary_large_image","twitter_misc":{"Estimated reading time":"3 minutes"},"schema":{"@context":"https:\/\/schema.org","@graph":[{"@type":"WebPage","@id":"https:\/\/www.soweb.io\/inscription-newsletter\/","url":"https:\/\/www.soweb.io\/inscription-newsletter\/","name":"Inscription Newsletter - Sowebio Strat\u00e9gie Digitale","isPartOf":{"@id":"https:\/\/www.soweb.io\/#website"},"datePublished":"2025-10-14T13:42:44+00:00","dateModified":"2025-10-16T08:17:34+00:00","breadcrumb":{"@id":"https:\/\/www.soweb.io\/inscription-newsletter\/#breadcrumb"},"inLanguage":"en-GB","potentialAction":[{"@type":"ReadAction","target":["https:\/\/www.soweb.io\/inscription-newsletter\/"]}]},{"@type":"BreadcrumbList","@id":"https:\/\/www.soweb.io\/inscription-newsletter\/#breadcrumb","itemListElement":[{"@type":"ListItem","position":1,"name":"Home","item":"https:\/\/www.soweb.io\/"},{"@type":"ListItem","position":2,"name":"Inscription Newsletter"}]},{"@type":"WebSite","@id":"https:\/\/www.soweb.io\/#website","url":"https:\/\/www.soweb.io\/","name":"Sowebio Strat\u00e9gie Digitale","description":"","publisher":{"@id":"https:\/\/www.soweb.io\/#organization"},"potentialAction":[{"@type":"SearchAction","target":{"@type":"EntryPoint","urlTemplate":"https:\/\/www.soweb.io\/?s={search_term_string}"},"query-input":{"@type":"PropertyValueSpecification","valueRequired":true,"valueName":"search_term_string"}}],"inLanguage":"en-GB"},{"@type":"Organization","@id":"https:\/\/www.soweb.io\/#organization","name":"Sowebio","url":"https:\/\/www.soweb.io\/","logo":{"@type":"ImageObject","inLanguage":"en-GB","@id":"https:\/\/www.soweb.io\/#\/schema\/logo\/image\/","url":"https:\/\/www.soweb.io\/wp-content\/uploads\/sow-sow-logo_sowebio_transparent-240x49web.png","contentUrl":"https:\/\/www.soweb.io\/wp-content\/uploads\/sow-sow-logo_sowebio_transparent-240x49web.png","width":240,"height":49,"caption":"Sowebio"},"image":{"@id":"https:\/\/www.soweb.io\/#\/schema\/logo\/image\/"}}]}},"_links":{"self":[{"href":"https:\/\/www.soweb.io\/en\/wp-json\/wp\/v2\/pages\/9978","targetHints":{"allow":["GET"]}}],"collection":[{"href":"https:\/\/www.soweb.io\/en\/wp-json\/wp\/v2\/pages"}],"about":[{"href":"https:\/\/www.soweb.io\/en\/wp-json\/wp\/v2\/types\/page"}],"author":[{"embeddable":true,"href":"https:\/\/www.soweb.io\/en\/wp-json\/wp\/v2\/users\/5"}],"replies":[{"embeddable":true,"href":"https:\/\/www.soweb.io\/en\/wp-json\/wp\/v2\/comments?post=9978"}],"version-history":[{"count":5,"href":"https:\/\/www.soweb.io\/en\/wp-json\/wp\/v2\/pages\/9978\/revisions"}],"predecessor-version":[{"id":9991,"href":"https:\/\/www.soweb.io\/en\/wp-json\/wp\/v2\/pages\/9978\/revisions\/9991"}],"wp:attachment":[{"href":"https:\/\/www.soweb.io\/en\/wp-json\/wp\/v2\/media?parent=9978"}],"curies":[{"name":"wp","href":"https:\/\/api.w.org\/{rel}","templated":true}]}}